{"id":1009,"date":"2019-07-31T17:24:47","date_gmt":"2019-07-31T20:24:47","guid":{"rendered":"https:\/\/cgr.ufpr.br\/portal\/?page_id=1009"},"modified":"2022-10-17T16:29:06","modified_gmt":"2022-10-17T19:29:06","slug":"etica-na-pratica","status":"publish","type":"page","link":"https:\/\/cgr.ufpr.br\/portal\/etica-na-pratica\/","title":{"rendered":"Campanha \u00c9tica na Pr\u00e1tica"},"content":{"rendered":"<p><iframe loading=\"lazy\" width=\"671\" height=\"377\" src=\"https:\/\/eduplay.rnp.br\/portal\/video\/embed\/175221\" frameborder=\"0\" scrolling=\"no\" allowfullscreen=\"\"><\/iframe><\/p>\n<p><a href=\"http:\/\/www.ufpr.br\/portalufpr\/wp-content\/uploads\/2018\/08\/destaque.png\"><img loading=\"lazy\" decoding=\"async\" src=\"http:\/\/www.ufpr.br\/portalufpr\/wp-content\/uploads\/2018\/08\/destaque.png\" alt=\"\" width=\"853\" height=\"479\" style=\"padding-top: 28px\"><\/a><\/p>\n<p><iframe loading=\"lazy\" width=\"853px\" height=\"561px\" src=\"https:\/\/sway.office.com\/s\/it1vbiScbIaoWNDI\/embed\" frameborder=\"0\" marginheight=\"0\" marginwidth=\"0\" max-width=\"100%\" sandbox=\"allow-forms allow-modals allow-orientation-lock allow-popups allow-same-origin allow-scripts\" scrolling=\"no\" style=\"border: none; max-width: 100%; max-height: 100vh; text-align: center\" allowfullscreen=\"\" mozallowfullscreen=\"\" msallowfullscreen=\"\" webkitallowfullscreen=\"\"><\/iframe><\/p>\n<table style=\"width: 853px\" border=\"0\">\n<tbody>\n<tr>\n<td style=\"\n                     text-align: center;\n                     border-style: none;\n                     margin: 0\n\t\t  \"><a href=\"https:\/\/cgr.ufpr.br\/portal\/wp-content\/uploads\/2019\/07\/UFPR-PROGRAMA-DE-INTEGRIDADE-CAMPANHA-CGR.pdf\" target=\"_blank\" style=\"\n                     background-image: linear-gradient(#2981C5, #1C5FA5);\n                     display: inline-block;\n                     line-height: 65px;\n                     padding-left: 20px;\n                     width: 155px;\n                     height: 65px;\n                     color: white;\n                     border: 1px solid #2981C5;\n                     font-size: 15px;\n                     font-weight: bold;\n                     text-decoration: none;\n                     text-align: center;\n                     text-shadow: 1px 1px 0px #00518b\n\t\t  \" rel=\"noopener noreferrer\">Baixar material<\/a><\/td>\n<\/tr>\n<\/tbody>\n<\/table>\n<h3>Not\u00edcias<\/h3>\n<blockquote><p>\n<a href=\"https:\/\/cgr.ufpr.br\/portal\/noticia\/cgrc-aprova-politica-de-governanca-riscos-integridade-e-controles-internos-e-plano-de-integridade-da-ufpr\/\">CGRC aprova Pol\u00edtica de Governan\u00e7a, Riscos, Integridade e Controles Internos e Plano de Integridade da UFPR<\/a><br \/>\n<a href=\"https:\/\/cgr.ufpr.br\/portal\/noticia\/programa-integridade-vai-reforcar-transparencia-e-acoes-anticorrupcao-na-ufpr\/\">Programa de Integridade vai refor\u00e7ar transpar\u00eancia e a\u00e7\u00f5es anticorrup\u00e7\u00e3o na UFPR<\/a><\/p><\/blockquote>\n","protected":false},"excerpt":{"rendered":"<p>Baixar material Not\u00edcias CGRC aprova Pol\u00edtica de Governan\u00e7a, Riscos, Integridade e Controles Internos e Plano de Integridade da UFPR Programa de Integridade vai refor\u00e7ar transpar\u00eancia e a\u00e7\u00f5es anticorrup\u00e7\u00e3o na UFPR<\/p>\n","protected":false},"author":8,"featured_media":0,"parent":0,"menu_order":0,"comment_status":"closed","ping_status":"closed","template":"","meta":{"footnotes":""},"class_list":["post-1009","page","type-page","status-publish","hentry"],"_links":{"self":[{"href":"https:\/\/cgr.ufpr.br\/portal\/wp-json\/wp\/v2\/pages\/1009","targetHints":{"allow":["GET"]}}],"collection":[{"href":"https:\/\/cgr.ufpr.br\/portal\/wp-json\/wp\/v2\/pages"}],"about":[{"href":"https:\/\/cgr.ufpr.br\/portal\/wp-json\/wp\/v2\/types\/page"}],"author":[{"embeddable":true,"href":"https:\/\/cgr.ufpr.br\/portal\/wp-json\/wp\/v2\/users\/8"}],"replies":[{"embeddable":true,"href":"https:\/\/cgr.ufpr.br\/portal\/wp-json\/wp\/v2\/comments?post=1009"}],"version-history":[{"count":36,"href":"https:\/\/cgr.ufpr.br\/portal\/wp-json\/wp\/v2\/pages\/1009\/revisions"}],"predecessor-version":[{"id":1802,"href":"https:\/\/cgr.ufpr.br\/portal\/wp-json\/wp\/v2\/pages\/1009\/revisions\/1802"}],"wp:attachment":[{"href":"https:\/\/cgr.ufpr.br\/portal\/wp-json\/wp\/v2\/media?parent=1009"}],"curies":[{"name":"wp","href":"https:\/\/api.w.org\/{rel}","templated":true}]}}