{"id":105,"date":"2017-09-29T12:02:37","date_gmt":"2017-09-29T15:02:37","guid":{"rendered":"https:\/\/cgr.ufpr.br\/portal\/?page_id=105"},"modified":"2018-01-15T11:36:07","modified_gmt":"2018-01-15T13:36:07","slug":"historico","status":"publish","type":"page","link":"https:\/\/cgr.ufpr.br\/portal\/historico\/","title":{"rendered":"Hist\u00f3rico"},"content":{"rendered":"<p>No primeiro ano da gest\u00e3o Ricardo Marcelo Fonseca e Graciela In\u00eas Bolz\u00f3n de Muniz, a convite do ent\u00e3o Pr\u00f3-reitor de Planejamento, Prof. Dr. Fernando Marinho Mezzadri, os servidores Aldemir Junglos, estat\u00edstico, Alexandra Dantas Roeder Wisniewski e Amar\u00edlio Motta Floriano, analistas de tecnologia da informa\u00e7\u00e3o, elaboraram projeto para cria\u00e7\u00e3o de uma unidade organizacional com a tarefa de identificar, analisar e gerenciar riscos que possam impactar a consecu\u00e7\u00e3o dos objetivos estabelecidos pelo Poder P\u00fablico e pelo planejamento da UFPR.<\/p>\n<p>Sob a coordena\u00e7\u00e3o do Sr. Aldemir Junglos, a unidade come\u00e7ou suas atividades, nas depend\u00eancias da PROPLAN, em 1\u00ba de agosto de 2017, na urg\u00eancia de atender ao provimento de informa\u00e7\u00f5es de Governan\u00e7a da Institui\u00e7\u00e3o, consultadas periodicamente pelos \u00f3rg\u00e3os de controle federais. A equipe submeteu o projeto de cria\u00e7\u00e3o da unidade \u00e0 aprova\u00e7\u00e3o das inst\u00e2ncias superiores da UFPR, atrav\u00e9s do processo administrativo n\u00ba\u00a023075.195347\/2017-18, no dia 22 de agosto do mesmo ano.<\/p>\n<p>Al\u00e9m da <a href=\"https:\/\/cgr.ufpr.br\/portal\/gestao-de-riscos\/\">gest\u00e3o de riscos<\/a>, o projeto de <a title=\"Clique para abrir em outra guia\" href=\"http:\/\/www.ufpr.br\/portalufpr\/blog\/noticias\/ufpr-cria-coordenadoria-de-governanca-e-riscos-para-atuar-na-gestao-institucional\/\" target=\"_blank\" rel=\"noopener\">cria\u00e7\u00e3o da Coordenadoria de Governan\u00e7a e Riscos da UFPR \u2013 CGR<\/a> &#8211; previu, ainda, as atribui\u00e7\u00f5es de administrar o <a title=\"Clique para abrir em outra guia\" href=\"http:\/\/www.ufpr.br\/sei\/\" target=\"_blank\" rel=\"noopener\">sistema SEI &#8211; Sistema Eletr\u00f4nico de Informa\u00e7\u00f5es<\/a>, manter o <a href=\"https:\/\/cgr.ufpr.br\/portal\/organograma\/\">organograma da UFPR<\/a>, e promover a <a href=\"https:\/\/cgr.ufpr.br\/portal\/gestao-por-processos\/\">gest\u00e3o e melhoria cont\u00ednua dos processos de trabalho da universidade<\/a>, com vistas \u00e0 celeridade, efetividade, conformidade, transpar\u00eancia, controle e <a href=\"https:\/\/cgr.ufpr.br\/portal\/gestao-de-custos\/\">economicidade<\/a>.<\/p>\n<p>&nbsp;<\/p>\n<p><a href=\"https:\/\/cgr.ufpr.br\/portal\/carta-de-servicos\/\">Conhe\u00e7a tamb\u00e9m a Carta de Servi\u00e7os da CGR<\/a><\/p>\n","protected":false},"excerpt":{"rendered":"<p>No primeiro ano da gest\u00e3o Ricardo Marcelo Fonseca e Graciela In\u00eas Bolz\u00f3n de Muniz, a convite do ent\u00e3o Pr\u00f3-reitor de Planejamento, Prof. Dr. Fernando Marinho Mezzadri, os servidores Aldemir Junglos, estat\u00edstico, Alexandra Dantas Roeder Wisniewski e Amar\u00edlio Motta Floriano, analistas de tecnologia da informa\u00e7\u00e3o, elaboraram projeto para cria\u00e7\u00e3o de uma unidade organizacional com a tarefa [&hellip;]<\/p>\n","protected":false},"author":8,"featured_media":0,"parent":0,"menu_order":0,"comment_status":"closed","ping_status":"closed","template":"","meta":{"footnotes":""},"class_list":["post-105","page","type-page","status-publish","hentry"],"_links":{"self":[{"href":"https:\/\/cgr.ufpr.br\/portal\/wp-json\/wp\/v2\/pages\/105","targetHints":{"allow":["GET"]}}],"collection":[{"href":"https:\/\/cgr.ufpr.br\/portal\/wp-json\/wp\/v2\/pages"}],"about":[{"href":"https:\/\/cgr.ufpr.br\/portal\/wp-json\/wp\/v2\/types\/page"}],"author":[{"embeddable":true,"href":"https:\/\/cgr.ufpr.br\/portal\/wp-json\/wp\/v2\/users\/8"}],"replies":[{"embeddable":true,"href":"https:\/\/cgr.ufpr.br\/portal\/wp-json\/wp\/v2\/comments?post=105"}],"version-history":[{"count":11,"href":"https:\/\/cgr.ufpr.br\/portal\/wp-json\/wp\/v2\/pages\/105\/revisions"}],"predecessor-version":[{"id":354,"href":"https:\/\/cgr.ufpr.br\/portal\/wp-json\/wp\/v2\/pages\/105\/revisions\/354"}],"wp:attachment":[{"href":"https:\/\/cgr.ufpr.br\/portal\/wp-json\/wp\/v2\/media?parent=105"}],"curies":[{"name":"wp","href":"https:\/\/api.w.org\/{rel}","templated":true}]}}