{"id":1080,"date":"2019-09-09T11:09:53","date_gmt":"2019-09-09T14:09:53","guid":{"rendered":"https:\/\/cgr.ufpr.br\/portal\/?page_id=1080"},"modified":"2022-05-23T10:01:43","modified_gmt":"2022-05-23T13:01:43","slug":"riscos-para-a-integridade","status":"publish","type":"page","link":"https:\/\/cgr.ufpr.br\/portal\/riscos-para-a-integridade\/","title":{"rendered":"Campanha Riscos para a Integridade"},"content":{"rendered":"\n<p>\n<p>A campanha \u201c<a rel=\"noreferrer noopener\" href=\"https:\/\/cgr.ufpr.br\/portal\/wp-content\/uploads\/2021\/01\/INTEGRIDADE-RISCOS-PARA-INTEGRIDADE-UFPR-29OUT18.xlsx\" target=\"_blank\">Riscos para a Integridade<\/a>\u201d alerta para atitudes que ferem a integridade do servidor e que devem ser evitadas.<\/p><\/p>\n\n\n\n<p>A iniciativa, que conta com o apoio de outras unidades da Universidade e est\u00e1 inserida no projeto &#8220;\u00c9tica na Pr\u00e1tica&#8221;, visa estimular a conscientiza\u00e7\u00e3o dos servidores e estabelecer medidas para prevenir, detectar, punir e remediar fraudes e atos de corrup\u00e7\u00e3o no servi\u00e7o p\u00fablico.\u00a0Motivar a reflex\u00e3o e inserir as tem\u00e1ticas na cultura organizacional s\u00e3o objetivos das campanhas realizadas pela UFPR.<\/p>\n\n\n\n<figure class=\"wp-block-gallery has-nested-images columns-3 wp-block-gallery-1 is-layout-flex wp-block-gallery-is-layout-flex\">\n<figure class=\"wp-block-image size-thumbnail\"><a href=\"https:\/\/cgr.ufpr.br\/portal\/wp-content\/uploads\/2020\/11\/emailmkt.jpg\"><img loading=\"lazy\" decoding=\"async\" width=\"150\" height=\"150\" data-id=\"1242\" src=\"https:\/\/cgr.ufpr.br\/portal\/wp-content\/uploads\/2020\/11\/emailmkt-150x150.jpg\" alt=\"\" class=\"wp-image-1242\"\/><\/a><\/figure>\n\n\n\n<figure class=\"wp-block-image size-thumbnail\"><a href=\"https:\/\/cgr.ufpr.br\/portal\/wp-content\/uploads\/2020\/11\/stories.jpg\"><img loading=\"lazy\" decoding=\"async\" width=\"150\" height=\"150\" data-id=\"1243\" src=\"https:\/\/cgr.ufpr.br\/portal\/wp-content\/uploads\/2020\/11\/stories-150x150.jpg\" alt=\"\" class=\"wp-image-1243\"\/><\/a><\/figure>\n\n\n\n<figure class=\"wp-block-image size-thumbnail\"><a href=\"https:\/\/cgr.ufpr.br\/portal\/wp-content\/uploads\/2020\/11\/1.jpg\"><img loading=\"lazy\" decoding=\"async\" width=\"150\" height=\"150\" data-id=\"1244\" src=\"https:\/\/cgr.ufpr.br\/portal\/wp-content\/uploads\/2020\/11\/1-150x150.jpg\" alt=\"\" class=\"wp-image-1244\" srcset=\"https:\/\/cgr.ufpr.br\/portal\/wp-content\/uploads\/2020\/11\/1-150x150.jpg 150w, https:\/\/cgr.ufpr.br\/portal\/wp-content\/uploads\/2020\/11\/1-300x300.jpg 300w, https:\/\/cgr.ufpr.br\/portal\/wp-content\/uploads\/2020\/11\/1-768x768.jpg 768w, https:\/\/cgr.ufpr.br\/portal\/wp-content\/uploads\/2020\/11\/1.jpg 1000w\" sizes=\"auto, (max-width: 150px) 100vw, 150px\" \/><\/a><\/figure>\n\n\n\n<figure class=\"wp-block-image size-thumbnail\"><a href=\"https:\/\/cgr.ufpr.br\/portal\/wp-content\/uploads\/2020\/11\/2.jpg\"><img loading=\"lazy\" decoding=\"async\" width=\"150\" height=\"150\" data-id=\"1245\" src=\"https:\/\/cgr.ufpr.br\/portal\/wp-content\/uploads\/2020\/11\/2-150x150.jpg\" alt=\"\" class=\"wp-image-1245\" srcset=\"https:\/\/cgr.ufpr.br\/portal\/wp-content\/uploads\/2020\/11\/2-150x150.jpg 150w, https:\/\/cgr.ufpr.br\/portal\/wp-content\/uploads\/2020\/11\/2-300x300.jpg 300w, https:\/\/cgr.ufpr.br\/portal\/wp-content\/uploads\/2020\/11\/2-768x768.jpg 768w, https:\/\/cgr.ufpr.br\/portal\/wp-content\/uploads\/2020\/11\/2.jpg 1000w\" sizes=\"auto, (max-width: 150px) 100vw, 150px\" \/><\/a><\/figure>\n\n\n\n<figure class=\"wp-block-image size-thumbnail\"><a href=\"https:\/\/cgr.ufpr.br\/portal\/wp-content\/uploads\/2020\/11\/3.jpg\"><img loading=\"lazy\" decoding=\"async\" width=\"150\" height=\"150\" data-id=\"1246\" src=\"https:\/\/cgr.ufpr.br\/portal\/wp-content\/uploads\/2020\/11\/3-150x150.jpg\" alt=\"\" class=\"wp-image-1246\" srcset=\"https:\/\/cgr.ufpr.br\/portal\/wp-content\/uploads\/2020\/11\/3-150x150.jpg 150w, https:\/\/cgr.ufpr.br\/portal\/wp-content\/uploads\/2020\/11\/3-300x300.jpg 300w, https:\/\/cgr.ufpr.br\/portal\/wp-content\/uploads\/2020\/11\/3-768x768.jpg 768w, https:\/\/cgr.ufpr.br\/portal\/wp-content\/uploads\/2020\/11\/3.jpg 1000w\" sizes=\"auto, (max-width: 150px) 100vw, 150px\" \/><\/a><\/figure>\n\n\n\n<figure class=\"wp-block-image size-thumbnail\"><a href=\"https:\/\/cgr.ufpr.br\/portal\/wp-content\/uploads\/2020\/11\/4.jpg\"><img loading=\"lazy\" decoding=\"async\" width=\"150\" height=\"150\" data-id=\"1247\" src=\"https:\/\/cgr.ufpr.br\/portal\/wp-content\/uploads\/2020\/11\/4-150x150.jpg\" alt=\"\" class=\"wp-image-1247\" srcset=\"https:\/\/cgr.ufpr.br\/portal\/wp-content\/uploads\/2020\/11\/4-150x150.jpg 150w, https:\/\/cgr.ufpr.br\/portal\/wp-content\/uploads\/2020\/11\/4-300x300.jpg 300w, https:\/\/cgr.ufpr.br\/portal\/wp-content\/uploads\/2020\/11\/4-768x768.jpg 768w, https:\/\/cgr.ufpr.br\/portal\/wp-content\/uploads\/2020\/11\/4.jpg 1000w\" sizes=\"auto, (max-width: 150px) 100vw, 150px\" \/><\/a><\/figure>\n\n\n\n<figure class=\"wp-block-image size-thumbnail\"><a href=\"https:\/\/cgr.ufpr.br\/portal\/wp-content\/uploads\/2020\/11\/5.jpg\"><img loading=\"lazy\" decoding=\"async\" width=\"150\" height=\"150\" data-id=\"1248\" src=\"https:\/\/cgr.ufpr.br\/portal\/wp-content\/uploads\/2020\/11\/5-150x150.jpg\" alt=\"\" class=\"wp-image-1248\" srcset=\"https:\/\/cgr.ufpr.br\/portal\/wp-content\/uploads\/2020\/11\/5-150x150.jpg 150w, https:\/\/cgr.ufpr.br\/portal\/wp-content\/uploads\/2020\/11\/5-300x300.jpg 300w, https:\/\/cgr.ufpr.br\/portal\/wp-content\/uploads\/2020\/11\/5-768x768.jpg 768w, https:\/\/cgr.ufpr.br\/portal\/wp-content\/uploads\/2020\/11\/5.jpg 1000w\" sizes=\"auto, (max-width: 150px) 100vw, 150px\" \/><\/a><\/figure>\n\n\n\n<figure class=\"wp-block-image size-thumbnail\"><a href=\"https:\/\/cgr.ufpr.br\/portal\/wp-content\/uploads\/2020\/11\/6.jpg\"><img loading=\"lazy\" decoding=\"async\" width=\"150\" height=\"150\" data-id=\"1249\" src=\"https:\/\/cgr.ufpr.br\/portal\/wp-content\/uploads\/2020\/11\/6-150x150.jpg\" alt=\"\" class=\"wp-image-1249\" srcset=\"https:\/\/cgr.ufpr.br\/portal\/wp-content\/uploads\/2020\/11\/6-150x150.jpg 150w, https:\/\/cgr.ufpr.br\/portal\/wp-content\/uploads\/2020\/11\/6-300x300.jpg 300w, https:\/\/cgr.ufpr.br\/portal\/wp-content\/uploads\/2020\/11\/6-768x768.jpg 768w, https:\/\/cgr.ufpr.br\/portal\/wp-content\/uploads\/2020\/11\/6.jpg 1000w\" sizes=\"auto, (max-width: 150px) 100vw, 150px\" \/><\/a><\/figure>\n\n\n\n<figure class=\"wp-block-image size-thumbnail\"><a href=\"https:\/\/cgr.ufpr.br\/portal\/wp-content\/uploads\/2020\/11\/7.jpg\"><img loading=\"lazy\" decoding=\"async\" width=\"150\" height=\"150\" data-id=\"1250\" src=\"https:\/\/cgr.ufpr.br\/portal\/wp-content\/uploads\/2020\/11\/7-150x150.jpg\" alt=\"\" class=\"wp-image-1250\" srcset=\"https:\/\/cgr.ufpr.br\/portal\/wp-content\/uploads\/2020\/11\/7-150x150.jpg 150w, https:\/\/cgr.ufpr.br\/portal\/wp-content\/uploads\/2020\/11\/7-300x300.jpg 300w, https:\/\/cgr.ufpr.br\/portal\/wp-content\/uploads\/2020\/11\/7-768x768.jpg 768w, https:\/\/cgr.ufpr.br\/portal\/wp-content\/uploads\/2020\/11\/7.jpg 1000w\" sizes=\"auto, (max-width: 150px) 100vw, 150px\" \/><\/a><\/figure>\n\n\n\n<figure class=\"wp-block-image size-thumbnail\"><a href=\"https:\/\/cgr.ufpr.br\/portal\/wp-content\/uploads\/2020\/11\/8.jpg\"><img loading=\"lazy\" decoding=\"async\" width=\"150\" height=\"150\" data-id=\"1251\" src=\"https:\/\/cgr.ufpr.br\/portal\/wp-content\/uploads\/2020\/11\/8-150x150.jpg\" alt=\"\" class=\"wp-image-1251\" srcset=\"https:\/\/cgr.ufpr.br\/portal\/wp-content\/uploads\/2020\/11\/8-150x150.jpg 150w, https:\/\/cgr.ufpr.br\/portal\/wp-content\/uploads\/2020\/11\/8-300x300.jpg 300w, https:\/\/cgr.ufpr.br\/portal\/wp-content\/uploads\/2020\/11\/8-768x768.jpg 768w, https:\/\/cgr.ufpr.br\/portal\/wp-content\/uploads\/2020\/11\/8.jpg 1000w\" sizes=\"auto, (max-width: 150px) 100vw, 150px\" \/><\/a><\/figure>\n\n\n\n<figure class=\"wp-block-image size-thumbnail\"><a href=\"https:\/\/cgr.ufpr.br\/portal\/wp-content\/uploads\/2020\/11\/9.jpg\"><img loading=\"lazy\" decoding=\"async\" width=\"150\" height=\"150\" data-id=\"1252\" src=\"https:\/\/cgr.ufpr.br\/portal\/wp-content\/uploads\/2020\/11\/9-150x150.jpg\" alt=\"\" class=\"wp-image-1252\" srcset=\"https:\/\/cgr.ufpr.br\/portal\/wp-content\/uploads\/2020\/11\/9-150x150.jpg 150w, https:\/\/cgr.ufpr.br\/portal\/wp-content\/uploads\/2020\/11\/9-300x300.jpg 300w, https:\/\/cgr.ufpr.br\/portal\/wp-content\/uploads\/2020\/11\/9-768x768.jpg 768w, https:\/\/cgr.ufpr.br\/portal\/wp-content\/uploads\/2020\/11\/9.jpg 1000w\" sizes=\"auto, (max-width: 150px) 100vw, 150px\" \/><\/a><\/figure>\n\n\n\n<figure class=\"wp-block-image size-thumbnail\"><a href=\"https:\/\/cgr.ufpr.br\/portal\/wp-content\/uploads\/2020\/11\/10.jpg\"><img loading=\"lazy\" decoding=\"async\" width=\"150\" height=\"150\" data-id=\"1253\" src=\"https:\/\/cgr.ufpr.br\/portal\/wp-content\/uploads\/2020\/11\/10-150x150.jpg\" alt=\"\" class=\"wp-image-1253\" srcset=\"https:\/\/cgr.ufpr.br\/portal\/wp-content\/uploads\/2020\/11\/10-150x150.jpg 150w, https:\/\/cgr.ufpr.br\/portal\/wp-content\/uploads\/2020\/11\/10-300x300.jpg 300w, https:\/\/cgr.ufpr.br\/portal\/wp-content\/uploads\/2020\/11\/10-768x768.jpg 768w, https:\/\/cgr.ufpr.br\/portal\/wp-content\/uploads\/2020\/11\/10.jpg 1000w\" sizes=\"auto, (max-width: 150px) 100vw, 150px\" \/><\/a><\/figure>\n\n\n\n<figure class=\"wp-block-image size-thumbnail\"><a href=\"https:\/\/cgr.ufpr.br\/portal\/wp-content\/uploads\/2020\/11\/11.jpg\"><img loading=\"lazy\" decoding=\"async\" width=\"150\" height=\"150\" data-id=\"1254\" src=\"https:\/\/cgr.ufpr.br\/portal\/wp-content\/uploads\/2020\/11\/11-150x150.jpg\" alt=\"\" class=\"wp-image-1254\" srcset=\"https:\/\/cgr.ufpr.br\/portal\/wp-content\/uploads\/2020\/11\/11-150x150.jpg 150w, https:\/\/cgr.ufpr.br\/portal\/wp-content\/uploads\/2020\/11\/11-300x300.jpg 300w, https:\/\/cgr.ufpr.br\/portal\/wp-content\/uploads\/2020\/11\/11-768x768.jpg 768w, https:\/\/cgr.ufpr.br\/portal\/wp-content\/uploads\/2020\/11\/11.jpg 1000w\" sizes=\"auto, (max-width: 150px) 100vw, 150px\" \/><\/a><\/figure>\n\n\n\n<figure class=\"wp-block-image size-thumbnail\"><a href=\"https:\/\/cgr.ufpr.br\/portal\/wp-content\/uploads\/2020\/11\/12.jpg\"><img loading=\"lazy\" decoding=\"async\" width=\"150\" height=\"150\" data-id=\"1255\" src=\"https:\/\/cgr.ufpr.br\/portal\/wp-content\/uploads\/2020\/11\/12-150x150.jpg\" alt=\"\" class=\"wp-image-1255\" srcset=\"https:\/\/cgr.ufpr.br\/portal\/wp-content\/uploads\/2020\/11\/12-150x150.jpg 150w, https:\/\/cgr.ufpr.br\/portal\/wp-content\/uploads\/2020\/11\/12-300x300.jpg 300w, https:\/\/cgr.ufpr.br\/portal\/wp-content\/uploads\/2020\/11\/12-768x768.jpg 768w, https:\/\/cgr.ufpr.br\/portal\/wp-content\/uploads\/2020\/11\/12.jpg 1000w\" sizes=\"auto, (max-width: 150px) 100vw, 150px\" \/><\/a><\/figure>\n\n\n\n<figure class=\"wp-block-image size-thumbnail\"><a href=\"https:\/\/cgr.ufpr.br\/portal\/wp-content\/uploads\/2020\/11\/13.jpg\"><img loading=\"lazy\" decoding=\"async\" width=\"150\" height=\"150\" data-id=\"1256\" src=\"https:\/\/cgr.ufpr.br\/portal\/wp-content\/uploads\/2020\/11\/13-150x150.jpg\" alt=\"\" class=\"wp-image-1256\" srcset=\"https:\/\/cgr.ufpr.br\/portal\/wp-content\/uploads\/2020\/11\/13-150x150.jpg 150w, https:\/\/cgr.ufpr.br\/portal\/wp-content\/uploads\/2020\/11\/13-300x300.jpg 300w, https:\/\/cgr.ufpr.br\/portal\/wp-content\/uploads\/2020\/11\/13-768x768.jpg 768w, https:\/\/cgr.ufpr.br\/portal\/wp-content\/uploads\/2020\/11\/13.jpg 1000w\" sizes=\"auto, (max-width: 150px) 100vw, 150px\" \/><\/a><\/figure>\n\n\n\n<figure class=\"wp-block-image size-thumbnail\"><a href=\"https:\/\/cgr.ufpr.br\/portal\/wp-content\/uploads\/2020\/11\/14.jpg\"><img loading=\"lazy\" decoding=\"async\" width=\"150\" height=\"150\" data-id=\"1257\" src=\"https:\/\/cgr.ufpr.br\/portal\/wp-content\/uploads\/2020\/11\/14-150x150.jpg\" alt=\"\" class=\"wp-image-1257\" srcset=\"https:\/\/cgr.ufpr.br\/portal\/wp-content\/uploads\/2020\/11\/14-150x150.jpg 150w, https:\/\/cgr.ufpr.br\/portal\/wp-content\/uploads\/2020\/11\/14-300x300.jpg 300w, https:\/\/cgr.ufpr.br\/portal\/wp-content\/uploads\/2020\/11\/14-768x768.jpg 768w, https:\/\/cgr.ufpr.br\/portal\/wp-content\/uploads\/2020\/11\/14.jpg 1000w\" sizes=\"auto, (max-width: 150px) 100vw, 150px\" \/><\/a><\/figure>\n\n\n\n<figure class=\"wp-block-image size-thumbnail\"><a href=\"https:\/\/cgr.ufpr.br\/portal\/wp-content\/uploads\/2020\/11\/15.jpg\"><img loading=\"lazy\" decoding=\"async\" width=\"150\" height=\"150\" data-id=\"1258\" src=\"https:\/\/cgr.ufpr.br\/portal\/wp-content\/uploads\/2020\/11\/15-150x150.jpg\" alt=\"\" class=\"wp-image-1258\" srcset=\"https:\/\/cgr.ufpr.br\/portal\/wp-content\/uploads\/2020\/11\/15-150x150.jpg 150w, https:\/\/cgr.ufpr.br\/portal\/wp-content\/uploads\/2020\/11\/15-300x300.jpg 300w, https:\/\/cgr.ufpr.br\/portal\/wp-content\/uploads\/2020\/11\/15-768x768.jpg 768w, https:\/\/cgr.ufpr.br\/portal\/wp-content\/uploads\/2020\/11\/15.jpg 1000w\" sizes=\"auto, (max-width: 150px) 100vw, 150px\" \/><\/a><\/figure>\n<\/figure>\n\n\n\n<ul class=\"wp-block-list\"><li><a href=\"https:\/\/cgr.ufpr.br\/portal\/wp-content\/uploads\/2021\/01\/INTEGRIDADE-RISCOS-PARA-INTEGRIDADE-UFPR-29OUT18.xlsx\">Planilha<\/a><\/li><li><a href=\"https:\/\/cgr.ufpr.br\/portal\/wp-content\/uploads\/2020\/11\/ADESIVO.pdf\">Adesivo<\/a><\/li><li><a href=\"https:\/\/cgr.ufpr.br\/portal\/wp-content\/uploads\/2020\/11\/CARTAZ.pdf\">Cartaz<\/a><\/li><\/ul>\n","protected":false},"excerpt":{"rendered":"<p>A campanha \u201cRiscos para a Integridade\u201d alerta para atitudes que ferem a integridade do servidor e que devem ser evitadas. A iniciativa, que conta com o apoio de outras unidades da Universidade e est\u00e1 inserida no projeto &#8220;\u00c9tica na Pr\u00e1tica&#8221;, visa estimular a conscientiza\u00e7\u00e3o dos servidores e estabelecer medidas para prevenir, detectar, punir e remediar [&hellip;]<\/p>\n","protected":false},"author":8,"featured_media":0,"parent":0,"menu_order":0,"comment_status":"closed","ping_status":"closed","template":"","meta":{"footnotes":""},"class_list":["post-1080","page","type-page","status-publish","hentry"],"_links":{"self":[{"href":"https:\/\/cgr.ufpr.br\/portal\/wp-json\/wp\/v2\/pages\/1080","targetHints":{"allow":["GET"]}}],"collection":[{"href":"https:\/\/cgr.ufpr.br\/portal\/wp-json\/wp\/v2\/pages"}],"about":[{"href":"https:\/\/cgr.ufpr.br\/portal\/wp-json\/wp\/v2\/types\/page"}],"author":[{"embeddable":true,"href":"https:\/\/cgr.ufpr.br\/portal\/wp-json\/wp\/v2\/users\/8"}],"replies":[{"embeddable":true,"href":"https:\/\/cgr.ufpr.br\/portal\/wp-json\/wp\/v2\/comments?post=1080"}],"version-history":[{"count":9,"href":"https:\/\/cgr.ufpr.br\/portal\/wp-json\/wp\/v2\/pages\/1080\/revisions"}],"predecessor-version":[{"id":1664,"href":"https:\/\/cgr.ufpr.br\/portal\/wp-json\/wp\/v2\/pages\/1080\/revisions\/1664"}],"wp:attachment":[{"href":"https:\/\/cgr.ufpr.br\/portal\/wp-json\/wp\/v2\/media?parent=1080"}],"curies":[{"name":"wp","href":"https:\/\/api.w.org\/{rel}","templated":true}]}}