{"id":1218,"date":"2020-03-06T09:44:40","date_gmt":"2020-03-06T12:44:40","guid":{"rendered":"https:\/\/cgr.ufpr.br\/portal\/?page_id=1218"},"modified":"2022-05-31T15:35:32","modified_gmt":"2022-05-31T18:35:32","slug":"codigo-de-etica","status":"publish","type":"page","link":"https:\/\/cgr.ufpr.br\/portal\/codigo-de-etica\/","title":{"rendered":"C\u00f3digo de \u00c9tica"},"content":{"rendered":"<p>O C\u00f3digo de \u00c9tica da UFPR aprovado em 2019 pela Resolu\u00e7\u00e3o n\u00ba 28\/19 &#8211; COUN foi rec\u00e9m repaginado, utilizando-se de uma linguagem gr\u00e1fica para tornar a leitura mais agrad\u00e1vel.<\/p>\n<p>O C\u00f3digo adequado para realidade da universidade tem impacto significativo para institui\u00e7\u00e3o, n\u00e3o somente por nortear as rela\u00e7\u00f5es humanas, mas tamb\u00e9m para a melhoria nos processos de trabalho, indicadores de Governan\u00e7a e Gest\u00e3o, indicadores de Desempenho e Programa de Integridade implantados na universidade.<br \/>\n<iframe loading=\"lazy\" src=\"https:\/\/cgr.ufpr.br\/portal\/wp-content\/uploads\/2021\/02\/UFPR_codigo_de_etica_.pdf\" width=\"100%\" height=\"500\"><\/iframe><\/p>\n","protected":false},"excerpt":{"rendered":"<p>O C\u00f3digo de \u00c9tica da UFPR aprovado em 2019 pela Resolu\u00e7\u00e3o n\u00ba 28\/19 &#8211; COUN foi rec\u00e9m repaginado, utilizando-se de uma linguagem gr\u00e1fica para tornar a leitura mais agrad\u00e1vel. O C\u00f3digo adequado para realidade da universidade tem impacto significativo para institui\u00e7\u00e3o, n\u00e3o somente por nortear as rela\u00e7\u00f5es humanas, mas tamb\u00e9m para a melhoria nos processos [&hellip;]<\/p>\n","protected":false},"author":11,"featured_media":0,"parent":0,"menu_order":0,"comment_status":"closed","ping_status":"closed","template":"","meta":{"footnotes":""},"class_list":["post-1218","page","type-page","status-publish","hentry"],"_links":{"self":[{"href":"https:\/\/cgr.ufpr.br\/portal\/wp-json\/wp\/v2\/pages\/1218","targetHints":{"allow":["GET"]}}],"collection":[{"href":"https:\/\/cgr.ufpr.br\/portal\/wp-json\/wp\/v2\/pages"}],"about":[{"href":"https:\/\/cgr.ufpr.br\/portal\/wp-json\/wp\/v2\/types\/page"}],"author":[{"embeddable":true,"href":"https:\/\/cgr.ufpr.br\/portal\/wp-json\/wp\/v2\/users\/11"}],"replies":[{"embeddable":true,"href":"https:\/\/cgr.ufpr.br\/portal\/wp-json\/wp\/v2\/comments?post=1218"}],"version-history":[{"count":7,"href":"https:\/\/cgr.ufpr.br\/portal\/wp-json\/wp\/v2\/pages\/1218\/revisions"}],"predecessor-version":[{"id":1671,"href":"https:\/\/cgr.ufpr.br\/portal\/wp-json\/wp\/v2\/pages\/1218\/revisions\/1671"}],"wp:attachment":[{"href":"https:\/\/cgr.ufpr.br\/portal\/wp-json\/wp\/v2\/media?parent=1218"}],"curies":[{"name":"wp","href":"https:\/\/api.w.org\/{rel}","templated":true}]}}