{"id":1412,"date":"2021-10-15T11:50:28","date_gmt":"2021-10-15T14:50:28","guid":{"rendered":"https:\/\/cgr.ufpr.br\/portal\/?page_id=1412"},"modified":"2021-10-15T11:54:06","modified_gmt":"2021-10-15T14:54:06","slug":"fundos-de-tela","status":"publish","type":"page","link":"https:\/\/cgr.ufpr.br\/portal\/integridade\/fundos-de-tela\/","title":{"rendered":"Fundos de tela para reuni\u00f5es virtuais"},"content":{"rendered":"\n<p>Utilize algumas das op\u00e7\u00f5es abaixo como fundo de tela em suas reuni\u00f5es virtuais!!!<\/p>\n\n\n\n<p><\/p>\n\n\n\n<figure class=\"wp-block-image size-large\"><img loading=\"lazy\" decoding=\"async\" width=\"640\" height=\"360\" src=\"https:\/\/cgr.ufpr.br\/portal\/wp-content\/uploads\/2021\/10\/destaque.png\" alt=\"\" class=\"wp-image-1413\" srcset=\"https:\/\/cgr.ufpr.br\/portal\/wp-content\/uploads\/2021\/10\/destaque.png 640w, https:\/\/cgr.ufpr.br\/portal\/wp-content\/uploads\/2021\/10\/destaque-300x169.png 300w, https:\/\/cgr.ufpr.br\/portal\/wp-content\/uploads\/2021\/10\/destaque-580x326.png 580w, https:\/\/cgr.ufpr.br\/portal\/wp-content\/uploads\/2021\/10\/destaque-160x90.png 160w\" sizes=\"auto, (max-width: 640px) 100vw, 640px\" \/><\/figure>\n\n\n\n<figure class=\"wp-block-image size-large\"><img loading=\"lazy\" decoding=\"async\" width=\"612\" height=\"369\" src=\"https:\/\/cgr.ufpr.br\/portal\/wp-content\/uploads\/2021\/10\/EticaNaPratica.png\" alt=\"\" class=\"wp-image-1414\" srcset=\"https:\/\/cgr.ufpr.br\/portal\/wp-content\/uploads\/2021\/10\/EticaNaPratica.png 612w, https:\/\/cgr.ufpr.br\/portal\/wp-content\/uploads\/2021\/10\/EticaNaPratica-300x181.png 300w\" sizes=\"auto, (max-width: 612px) 100vw, 612px\" \/><\/figure>\n\n\n\n<figure class=\"wp-block-image size-large\"><img loading=\"lazy\" decoding=\"async\" width=\"887\" height=\"500\" src=\"https:\/\/cgr.ufpr.br\/portal\/wp-content\/uploads\/2021\/10\/GovernancaPublicaCodigoEtica_UFPR.png\" alt=\"\" class=\"wp-image-1415\" srcset=\"https:\/\/cgr.ufpr.br\/portal\/wp-content\/uploads\/2021\/10\/GovernancaPublicaCodigoEtica_UFPR.png 887w, https:\/\/cgr.ufpr.br\/portal\/wp-content\/uploads\/2021\/10\/GovernancaPublicaCodigoEtica_UFPR-300x169.png 300w, https:\/\/cgr.ufpr.br\/portal\/wp-content\/uploads\/2021\/10\/GovernancaPublicaCodigoEtica_UFPR-768x433.png 768w, https:\/\/cgr.ufpr.br\/portal\/wp-content\/uploads\/2021\/10\/GovernancaPublicaCodigoEtica_UFPR-580x326.png 580w, https:\/\/cgr.ufpr.br\/portal\/wp-content\/uploads\/2021\/10\/GovernancaPublicaCodigoEtica_UFPR-160x90.png 160w\" sizes=\"auto, (max-width: 887px) 100vw, 887px\" \/><\/figure>\n\n\n\n<figure class=\"wp-block-image size-large\"><img loading=\"lazy\" decoding=\"async\" width=\"640\" height=\"360\" src=\"https:\/\/cgr.ufpr.br\/portal\/wp-content\/uploads\/2021\/10\/Risco_02.png\" alt=\"\" class=\"wp-image-1416\" srcset=\"https:\/\/cgr.ufpr.br\/portal\/wp-content\/uploads\/2021\/10\/Risco_02.png 640w, https:\/\/cgr.ufpr.br\/portal\/wp-content\/uploads\/2021\/10\/Risco_02-300x169.png 300w, https:\/\/cgr.ufpr.br\/portal\/wp-content\/uploads\/2021\/10\/Risco_02-580x326.png 580w, https:\/\/cgr.ufpr.br\/portal\/wp-content\/uploads\/2021\/10\/Risco_02-160x90.png 160w\" sizes=\"auto, (max-width: 640px) 100vw, 640px\" \/><\/figure>\n\n\n\n<figure class=\"wp-block-image size-large\"><img loading=\"lazy\" decoding=\"async\" width=\"656\" height=\"500\" src=\"https:\/\/cgr.ufpr.br\/portal\/wp-content\/uploads\/2021\/10\/Risco_00.png\" alt=\"\" class=\"wp-image-1417\" srcset=\"https:\/\/cgr.ufpr.br\/portal\/wp-content\/uploads\/2021\/10\/Risco_00.png 656w, https:\/\/cgr.ufpr.br\/portal\/wp-content\/uploads\/2021\/10\/Risco_00-300x229.png 300w\" sizes=\"auto, (max-width: 656px) 100vw, 656px\" \/><\/figure>\n","protected":false},"excerpt":{"rendered":"<p>Utilize algumas das op\u00e7\u00f5es abaixo como fundo de tela em suas reuni\u00f5es virtuais!!!<\/p>\n","protected":false},"author":9,"featured_media":0,"parent":661,"menu_order":1,"comment_status":"closed","ping_status":"closed","template":"","meta":{"footnotes":""},"class_list":["post-1412","page","type-page","status-publish","hentry"],"_links":{"self":[{"href":"https:\/\/cgr.ufpr.br\/portal\/wp-json\/wp\/v2\/pages\/1412","targetHints":{"allow":["GET"]}}],"collection":[{"href":"https:\/\/cgr.ufpr.br\/portal\/wp-json\/wp\/v2\/pages"}],"about":[{"href":"https:\/\/cgr.ufpr.br\/portal\/wp-json\/wp\/v2\/types\/page"}],"author":[{"embeddable":true,"href":"https:\/\/cgr.ufpr.br\/portal\/wp-json\/wp\/v2\/users\/9"}],"replies":[{"embeddable":true,"href":"https:\/\/cgr.ufpr.br\/portal\/wp-json\/wp\/v2\/comments?post=1412"}],"version-history":[{"count":2,"href":"https:\/\/cgr.ufpr.br\/portal\/wp-json\/wp\/v2\/pages\/1412\/revisions"}],"predecessor-version":[{"id":1419,"href":"https:\/\/cgr.ufpr.br\/portal\/wp-json\/wp\/v2\/pages\/1412\/revisions\/1419"}],"up":[{"embeddable":true,"href":"https:\/\/cgr.ufpr.br\/portal\/wp-json\/wp\/v2\/pages\/661"}],"wp:attachment":[{"href":"https:\/\/cgr.ufpr.br\/portal\/wp-json\/wp\/v2\/media?parent=1412"}],"curies":[{"name":"wp","href":"https:\/\/api.w.org\/{rel}","templated":true}]}}