{"id":1424,"date":"2021-10-18T17:42:53","date_gmt":"2021-10-18T20:42:53","guid":{"rendered":"https:\/\/cgr.ufpr.br\/portal\/?page_id=1424"},"modified":"2021-10-18T18:15:31","modified_gmt":"2021-10-18T21:15:31","slug":"pesquisa-de-percepcao-cgu","status":"publish","type":"page","link":"https:\/\/cgr.ufpr.br\/portal\/pesquisa-de-percepcao-cgu\/","title":{"rendered":"Pesquisa de Percep\u00e7\u00e3o sobre Integridade P\u00fablica"},"content":{"rendered":"\n<p>OUT.2021<\/p>\n\n\n\n<p>A Controladoria-Geral da Uni\u00e3o (CGU)&nbsp;realizou&nbsp;avalia\u00e7\u00f5es dos programas de integridade dos \u00f3rg\u00e3os e entidades do Poder Executivo federal, atrav\u00e9s da \u201c<strong>Pesquisa<\/strong><strong>&nbsp;de&nbsp;Percep\u00e7\u00e3o&nbsp;sobre Integridade P\u00fablica\u201d<\/strong>. O objetivo desta&nbsp;pesquisa, segundo a CGU,&nbsp;\u00e9 a coleta de dados acerca&nbsp;da&nbsp;percep\u00e7\u00e3o&nbsp;dos servidores sobre o programa de integridade da sua institui\u00e7\u00e3o e demais atividades relacionadas \u00e0 integridade&nbsp;p\u00fablica.&nbsp;&nbsp;<\/p>\n\n\n\n<p>Duzentos servidores da UFPR responderam \u00e0 pesquisa, que ficou dispon\u00edvel entre 23 de junho de 2021 e 31\/08\/2021.<\/p>\n\n\n\n<p>O relat\u00f3rio com os resultados da UFPR possibilitou aos gestores do Programa de Integridade an\u00e1lise e constata\u00e7\u00e3o de avan\u00e7os percebidos por nossa comunidade bem como a\u00e7\u00f5es que ainda poderemos melhorar nessa tem\u00e1tica.<\/p>\n\n\n\n<p>Dos duzentos respondentes, somente 7% dos entrevistados afirmaram n\u00e3o estarem familiarizados com a express\u00e3o \u201cIntegridade P\u00fablica\u201d. J\u00e1 68% dos participantes conhecem as campanhas veiculadas pelo programa, 64,3% sabem que a Institui\u00e7\u00e3o tem um programa de integridade implementado e 58,3% conhecem o respons\u00e1vel pela gest\u00e3o de integridade na Institui\u00e7\u00e3o.<\/p>\n\n\n\n<p>Ainda, 67% dos entrevistados se consideram familiarizados com o C\u00f3digo de \u00c9tica da UFPR e 77,4% conhecem algum canal ou alguma unidade da UFPR que possam recorrer em situa\u00e7\u00f5es de d\u00favida sobre integridade e conduta \u00edntegra; e a maioria (97%) afirmou que denunciaria caso tomasse conhecimento de um ato de corrup\u00e7\u00e3o ou irregularidade dentro da UFPR.<\/p>\n\n\n\n<p>Com rela\u00e7\u00e3o \u00e0s capacita\u00e7\u00f5es relacionadas \u00e0 integridade, 36% dos servidores respondentes est\u00e3o capacitados em \u00e9tica, 30% em gest\u00e3o de riscos, 26,5% em gest\u00e3o da informa\u00e7\u00e3o, 21% em transpar\u00eancia, 11% em conflito de interesses, 10,5% em regime disciplinar, e 5,5% afirmaram que j\u00e1 realizaram treinamento na \u00e1rea de nepotismo.<\/p>\n\n\n\n<p>E, por fim, 81,5% dos entrevistados da UFPR, conhecem quais s\u00e3o os valores do servi\u00e7o p\u00fablico federal.<\/p>\n","protected":false},"excerpt":{"rendered":"<p>OUT.2021 A Controladoria-Geral da Uni\u00e3o (CGU)&nbsp;realizou&nbsp;avalia\u00e7\u00f5es dos programas de integridade dos \u00f3rg\u00e3os e entidades do Poder Executivo federal, atrav\u00e9s da \u201cPesquisa&nbsp;de&nbsp;Percep\u00e7\u00e3o&nbsp;sobre Integridade P\u00fablica\u201d. O objetivo desta&nbsp;pesquisa, segundo a CGU,&nbsp;\u00e9 a coleta de dados acerca&nbsp;da&nbsp;percep\u00e7\u00e3o&nbsp;dos servidores sobre o programa de integridade da sua institui\u00e7\u00e3o e demais atividades relacionadas \u00e0 integridade&nbsp;p\u00fablica.&nbsp;&nbsp; Duzentos servidores da UFPR responderam \u00e0 [&hellip;]<\/p>\n","protected":false},"author":9,"featured_media":0,"parent":0,"menu_order":0,"comment_status":"closed","ping_status":"closed","template":"","meta":{"footnotes":""},"class_list":["post-1424","page","type-page","status-publish","hentry"],"_links":{"self":[{"href":"https:\/\/cgr.ufpr.br\/portal\/wp-json\/wp\/v2\/pages\/1424","targetHints":{"allow":["GET"]}}],"collection":[{"href":"https:\/\/cgr.ufpr.br\/portal\/wp-json\/wp\/v2\/pages"}],"about":[{"href":"https:\/\/cgr.ufpr.br\/portal\/wp-json\/wp\/v2\/types\/page"}],"author":[{"embeddable":true,"href":"https:\/\/cgr.ufpr.br\/portal\/wp-json\/wp\/v2\/users\/9"}],"replies":[{"embeddable":true,"href":"https:\/\/cgr.ufpr.br\/portal\/wp-json\/wp\/v2\/comments?post=1424"}],"version-history":[{"count":2,"href":"https:\/\/cgr.ufpr.br\/portal\/wp-json\/wp\/v2\/pages\/1424\/revisions"}],"predecessor-version":[{"id":1436,"href":"https:\/\/cgr.ufpr.br\/portal\/wp-json\/wp\/v2\/pages\/1424\/revisions\/1436"}],"wp:attachment":[{"href":"https:\/\/cgr.ufpr.br\/portal\/wp-json\/wp\/v2\/media?parent=1424"}],"curies":[{"name":"wp","href":"https:\/\/api.w.org\/{rel}","templated":true}]}}