{"id":1441,"date":"2021-10-19T14:50:13","date_gmt":"2021-10-19T17:50:13","guid":{"rendered":"https:\/\/cgr.ufpr.br\/portal\/?page_id=1441"},"modified":"2021-10-19T15:05:01","modified_gmt":"2021-10-19T18:05:01","slug":"e-prevencao","status":"publish","type":"page","link":"https:\/\/cgr.ufpr.br\/portal\/e-prevencao\/","title":{"rendered":"Indicadores de Integridade"},"content":{"rendered":"\n<p>OUT.2021<\/p>\n\n\n\n<p>A UFPR aderiu ao Programa Nacional de Preven\u00e7\u00e3o \u00e0 Corrup\u00e7\u00e3o (PNPC), que foi lan\u00e7ado no primeiro semestre de 2021 e integra a Rede de Controle da Gest\u00e3o P\u00fablica &#8211; centro decis\u00f3rio Inter organizacional, tendo como objetivo principal o desenvolvimento de a\u00e7\u00f5es direcionadas \u00e0 fiscaliza\u00e7\u00e3o da gest\u00e3o p\u00fablica, ao diagn\u00f3stico e combate \u00e0 corrup\u00e7\u00e3o, ao incentivo e fortalecimento do controle social, ao compartilhamento de informa\u00e7\u00f5es e documentos, ao interc\u00e2mbio de experi\u00eancias e \u00e0 capacita\u00e7\u00e3o dos seus quadros.<\/p>\n\n\n\n<p>Nesse sentido, foi disponibilizado aos entes participantes do programa uma plataforma de autosservi\u00e7o para auxiliar as organiza\u00e7\u00f5es p\u00fablicas a diagnosticarem sua suscetibilidade \u00e0 corrup\u00e7\u00e3o e a melhorarem seus sistemas institucionais de preven\u00e7\u00e3o, chamada \u201ce-Preven\u00e7\u00e3o\u201d.<\/p>\n\n\n\n<p>Com os resultados apresentados no relat\u00f3rio de diagn\u00f3stico, observa-se o desempenho da UFPR quanto \u00e0 ader\u00eancia \u00e0s boas pr\u00e1ticas de preven\u00e7\u00e3o \u00e0 fraude e \u00e0 corrup\u00e7\u00e3o.<\/p>\n\n\n\n<p>Observa-se, pelo gr\u00e1fico abaixo, que a UFPR se encontra em n\u00edvel aprimorado (3\u00ba quartil, iPREVEN\u00c7\u00c3O =~ 70%), indicando avan\u00e7os significativos no controle de exposi\u00e7\u00e3o \u00e0 fraude e \u00e0 corrup\u00e7\u00e3o na Institui\u00e7\u00e3o.<\/p>\n\n\n\n<figure class=\"wp-block-image size-large\"><img loading=\"lazy\" decoding=\"async\" width=\"611\" height=\"483\" src=\"https:\/\/cgr.ufpr.br\/portal\/wp-content\/uploads\/2021\/10\/Imagem01-1.png\" alt=\"\" class=\"wp-image-1444\" srcset=\"https:\/\/cgr.ufpr.br\/portal\/wp-content\/uploads\/2021\/10\/Imagem01-1.png 611w, https:\/\/cgr.ufpr.br\/portal\/wp-content\/uploads\/2021\/10\/Imagem01-1-300x237.png 300w\" sizes=\"auto, (max-width: 611px) 100vw, 611px\" \/><\/figure>\n\n\n\n<p>J\u00e1 a figura abaixo nos mostra os resultados da UFPR para os mecanismos de preven\u00e7\u00e3o, detec\u00e7\u00e3o, investiga\u00e7\u00e3o, corre\u00e7\u00e3o e monitoramento, as quais se encontram no Referencial do TCU de Combate \u00e0 Fraude e Corrup\u00e7\u00e3o. A figura mostra a situa\u00e7\u00e3o da Institui\u00e7\u00e3o em rela\u00e7\u00e3o a esses mecanismos, em compara\u00e7\u00e3o ao patamar m\u00ednimo esperado, conforme as faixas de ader\u00eancia \u00e0s boas pr\u00e1ticas, dispostas na legenda. Quanto mais pr\u00f3ximo da extremidade do gr\u00e1fico, melhor a situa\u00e7\u00e3o no mecanismo analisado.<\/p>\n\n\n\n<figure class=\"wp-block-image size-large is-resized\"><img loading=\"lazy\" decoding=\"async\" src=\"https:\/\/cgr.ufpr.br\/portal\/wp-content\/uploads\/2021\/10\/radar.png\" alt=\"\" class=\"wp-image-1445\" width=\"459\" height=\"384\"\/><\/figure>\n\n\n\n<p>O quadro abaixo tamb\u00e9m detalha os mecanismos e n\u00edveis em que a UFPR se encontra, contextualizando a Institui\u00e7\u00e3o e indicando quais aspectos devem ser priorizados.<\/p>\n\n\n\n<figure class=\"wp-block-image size-large is-resized\"><img loading=\"lazy\" decoding=\"async\" src=\"https:\/\/cgr.ufpr.br\/portal\/wp-content\/uploads\/2021\/10\/Mecanismos-1.png\" alt=\"\" class=\"wp-image-1446\" width=\"789\" height=\"457\" srcset=\"https:\/\/cgr.ufpr.br\/portal\/wp-content\/uploads\/2021\/10\/Mecanismos-1.png 468w, https:\/\/cgr.ufpr.br\/portal\/wp-content\/uploads\/2021\/10\/Mecanismos-1-300x174.png 300w\" sizes=\"auto, (max-width: 789px) 100vw, 789px\" \/><\/figure>\n","protected":false},"excerpt":{"rendered":"<p>OUT.2021 A UFPR aderiu ao Programa Nacional de Preven\u00e7\u00e3o \u00e0 Corrup\u00e7\u00e3o (PNPC), que foi lan\u00e7ado no primeiro semestre de 2021 e integra a Rede de Controle da Gest\u00e3o P\u00fablica &#8211; centro decis\u00f3rio Inter organizacional, tendo como objetivo principal o desenvolvimento de a\u00e7\u00f5es direcionadas \u00e0 fiscaliza\u00e7\u00e3o da gest\u00e3o p\u00fablica, ao diagn\u00f3stico e combate \u00e0 corrup\u00e7\u00e3o, ao [&hellip;]<\/p>\n","protected":false},"author":9,"featured_media":0,"parent":0,"menu_order":0,"comment_status":"closed","ping_status":"closed","template":"","meta":{"footnotes":""},"class_list":["post-1441","page","type-page","status-publish","hentry"],"_links":{"self":[{"href":"https:\/\/cgr.ufpr.br\/portal\/wp-json\/wp\/v2\/pages\/1441","targetHints":{"allow":["GET"]}}],"collection":[{"href":"https:\/\/cgr.ufpr.br\/portal\/wp-json\/wp\/v2\/pages"}],"about":[{"href":"https:\/\/cgr.ufpr.br\/portal\/wp-json\/wp\/v2\/types\/page"}],"author":[{"embeddable":true,"href":"https:\/\/cgr.ufpr.br\/portal\/wp-json\/wp\/v2\/users\/9"}],"replies":[{"embeddable":true,"href":"https:\/\/cgr.ufpr.br\/portal\/wp-json\/wp\/v2\/comments?post=1441"}],"version-history":[{"count":2,"href":"https:\/\/cgr.ufpr.br\/portal\/wp-json\/wp\/v2\/pages\/1441\/revisions"}],"predecessor-version":[{"id":1449,"href":"https:\/\/cgr.ufpr.br\/portal\/wp-json\/wp\/v2\/pages\/1441\/revisions\/1449"}],"wp:attachment":[{"href":"https:\/\/cgr.ufpr.br\/portal\/wp-json\/wp\/v2\/media?parent=1441"}],"curies":[{"name":"wp","href":"https:\/\/api.w.org\/{rel}","templated":true}]}}