{"id":1452,"date":"2021-10-19T16:51:30","date_gmt":"2021-10-19T19:51:30","guid":{"rendered":"https:\/\/cgr.ufpr.br\/portal\/?page_id=1452"},"modified":"2021-10-19T16:51:30","modified_gmt":"2021-10-19T19:51:30","slug":"banners-para-divulgacao-do-codigo-de-etica","status":"publish","type":"page","link":"https:\/\/cgr.ufpr.br\/portal\/banners-para-divulgacao-do-codigo-de-etica\/","title":{"rendered":"Banners para divulga\u00e7\u00e3o do C\u00f3digo de \u00c9tica"},"content":{"rendered":"\n<p>Que tal divulgar o C\u00f3digo de \u00c9tica da UFPR no seu site?<\/p>\n\n\n\n<p>Temos aqui algumas diagrama\u00e7\u00f5es da SUCOM que podem ser usadas!<\/p>\n\n\n\n<p>E o link para o C\u00f3digo de \u00c9tica \u00e9 esse aqui: https:\/\/cgr.ufpr.br\/portal\/codigo-de-etica\/<\/p>\n\n\n\n<figure class=\"wp-block-image size-large\"><img loading=\"lazy\" decoding=\"async\" width=\"1024\" height=\"675\" src=\"https:\/\/cgr.ufpr.br\/portal\/wp-content\/uploads\/2021\/10\/etica_SEI-1024x675.png\" alt=\"\" class=\"wp-image-1453\" srcset=\"https:\/\/cgr.ufpr.br\/portal\/wp-content\/uploads\/2021\/10\/etica_SEI-1024x675.png 1024w, https:\/\/cgr.ufpr.br\/portal\/wp-content\/uploads\/2021\/10\/etica_SEI-300x198.png 300w, https:\/\/cgr.ufpr.br\/portal\/wp-content\/uploads\/2021\/10\/etica_SEI-768x506.png 768w, https:\/\/cgr.ufpr.br\/portal\/wp-content\/uploads\/2021\/10\/etica_SEI-1536x1013.png 1536w, https:\/\/cgr.ufpr.br\/portal\/wp-content\/uploads\/2021\/10\/etica_SEI-2048x1350.png 2048w\" sizes=\"auto, (max-width: 1024px) 100vw, 1024px\" \/><\/figure>\n\n\n\n<figure class=\"wp-block-image size-large\"><img loading=\"lazy\" decoding=\"async\" width=\"551\" height=\"226\" src=\"https:\/\/cgr.ufpr.br\/portal\/wp-content\/uploads\/2021\/10\/Intranet_550x225px-hj.png\" alt=\"\" class=\"wp-image-1455\" srcset=\"https:\/\/cgr.ufpr.br\/portal\/wp-content\/uploads\/2021\/10\/Intranet_550x225px-hj.png 551w, https:\/\/cgr.ufpr.br\/portal\/wp-content\/uploads\/2021\/10\/Intranet_550x225px-hj-300x123.png 300w\" sizes=\"auto, (max-width: 551px) 100vw, 551px\" \/><\/figure>\n\n\n\n<figure class=\"wp-block-image size-large\"><img loading=\"lazy\" decoding=\"async\" width=\"971\" height=\"401\" src=\"https:\/\/cgr.ufpr.br\/portal\/wp-content\/uploads\/2021\/10\/Jandaia_970x400-px-hj.png\" alt=\"\" class=\"wp-image-1456\" srcset=\"https:\/\/cgr.ufpr.br\/portal\/wp-content\/uploads\/2021\/10\/Jandaia_970x400-px-hj.png 971w, https:\/\/cgr.ufpr.br\/portal\/wp-content\/uploads\/2021\/10\/Jandaia_970x400-px-hj-300x124.png 300w, https:\/\/cgr.ufpr.br\/portal\/wp-content\/uploads\/2021\/10\/Jandaia_970x400-px-hj-768x317.png 768w\" sizes=\"auto, (max-width: 971px) 100vw, 971px\" \/><\/figure>\n\n\n\n<figure class=\"wp-block-image size-large\"><img loading=\"lazy\" decoding=\"async\" width=\"1001\" height=\"361\" src=\"https:\/\/cgr.ufpr.br\/portal\/wp-content\/uploads\/2021\/10\/Litoral_1000x360pxhj.png\" alt=\"\" class=\"wp-image-1457\" srcset=\"https:\/\/cgr.ufpr.br\/portal\/wp-content\/uploads\/2021\/10\/Litoral_1000x360pxhj.png 1001w, https:\/\/cgr.ufpr.br\/portal\/wp-content\/uploads\/2021\/10\/Litoral_1000x360pxhj-300x108.png 300w, https:\/\/cgr.ufpr.br\/portal\/wp-content\/uploads\/2021\/10\/Litoral_1000x360pxhj-768x277.png 768w\" sizes=\"auto, (max-width: 1001px) 100vw, 1001px\" \/><\/figure>\n\n\n\n<figure class=\"wp-block-image size-large\"><img loading=\"lazy\" decoding=\"async\" width=\"1024\" height=\"171\" src=\"https:\/\/cgr.ufpr.br\/portal\/wp-content\/uploads\/2021\/10\/Palotina_Pontal_1200x200px-hj-1024x171.png\" alt=\"\" class=\"wp-image-1458\" srcset=\"https:\/\/cgr.ufpr.br\/portal\/wp-content\/uploads\/2021\/10\/Palotina_Pontal_1200x200px-hj-1024x171.png 1024w, https:\/\/cgr.ufpr.br\/portal\/wp-content\/uploads\/2021\/10\/Palotina_Pontal_1200x200px-hj-300x50.png 300w, https:\/\/cgr.ufpr.br\/portal\/wp-content\/uploads\/2021\/10\/Palotina_Pontal_1200x200px-hj-768x129.png 768w, https:\/\/cgr.ufpr.br\/portal\/wp-content\/uploads\/2021\/10\/Palotina_Pontal_1200x200px-hj.png 1201w\" sizes=\"auto, (max-width: 1024px) 100vw, 1024px\" \/><\/figure>\n\n\n\n<figure class=\"wp-block-image size-large\"><img loading=\"lazy\" decoding=\"async\" width=\"1024\" height=\"129\" src=\"https:\/\/cgr.ufpr.br\/portal\/wp-content\/uploads\/2021\/10\/Portal_UFPR_1200x150pxhj-1024x129.png\" alt=\"\" class=\"wp-image-1459\" srcset=\"https:\/\/cgr.ufpr.br\/portal\/wp-content\/uploads\/2021\/10\/Portal_UFPR_1200x150pxhj-1024x129.png 1024w, https:\/\/cgr.ufpr.br\/portal\/wp-content\/uploads\/2021\/10\/Portal_UFPR_1200x150pxhj-300x38.png 300w, https:\/\/cgr.ufpr.br\/portal\/wp-content\/uploads\/2021\/10\/Portal_UFPR_1200x150pxhj-768x97.png 768w, https:\/\/cgr.ufpr.br\/portal\/wp-content\/uploads\/2021\/10\/Portal_UFPR_1200x150pxhj.png 1201w\" sizes=\"auto, (max-width: 1024px) 100vw, 1024px\" \/><\/figure>\n\n\n\n<figure class=\"wp-block-image size-large\"><img loading=\"lazy\" decoding=\"async\" width=\"1001\" height=\"201\" src=\"https:\/\/cgr.ufpr.br\/portal\/wp-content\/uploads\/2021\/10\/PRAE_1000x200px-hj.png\" alt=\"\" class=\"wp-image-1460\" srcset=\"https:\/\/cgr.ufpr.br\/portal\/wp-content\/uploads\/2021\/10\/PRAE_1000x200px-hj.png 1001w, https:\/\/cgr.ufpr.br\/portal\/wp-content\/uploads\/2021\/10\/PRAE_1000x200px-hj-300x60.png 300w, https:\/\/cgr.ufpr.br\/portal\/wp-content\/uploads\/2021\/10\/PRAE_1000x200px-hj-768x154.png 768w\" sizes=\"auto, (max-width: 1001px) 100vw, 1001px\" \/><\/figure>\n\n\n\n<figure class=\"wp-block-image size-large\"><img loading=\"lazy\" decoding=\"async\" width=\"1024\" height=\"330\" src=\"https:\/\/cgr.ufpr.br\/portal\/wp-content\/uploads\/2021\/10\/PROEC_1127x362px-hj-1024x330.png\" alt=\"\" class=\"wp-image-1461\" srcset=\"https:\/\/cgr.ufpr.br\/portal\/wp-content\/uploads\/2021\/10\/PROEC_1127x362px-hj-1024x330.png 1024w, https:\/\/cgr.ufpr.br\/portal\/wp-content\/uploads\/2021\/10\/PROEC_1127x362px-hj-300x97.png 300w, https:\/\/cgr.ufpr.br\/portal\/wp-content\/uploads\/2021\/10\/PROEC_1127x362px-hj-768x247.png 768w, https:\/\/cgr.ufpr.br\/portal\/wp-content\/uploads\/2021\/10\/PROEC_1127x362px-hj.png 1128w\" sizes=\"auto, (max-width: 1024px) 100vw, 1024px\" \/><\/figure>\n\n\n\n<figure class=\"wp-block-image size-large\"><img loading=\"lazy\" decoding=\"async\" width=\"570\" height=\"245\" src=\"https:\/\/cgr.ufpr.br\/portal\/wp-content\/uploads\/2021\/10\/PROPLAN_569x244px-hj.png\" alt=\"\" class=\"wp-image-1462\" srcset=\"https:\/\/cgr.ufpr.br\/portal\/wp-content\/uploads\/2021\/10\/PROPLAN_569x244px-hj.png 570w, https:\/\/cgr.ufpr.br\/portal\/wp-content\/uploads\/2021\/10\/PROPLAN_569x244px-hj-300x129.png 300w\" sizes=\"auto, (max-width: 570px) 100vw, 570px\" \/><\/figure>\n\n\n\n<figure class=\"wp-block-image size-large\"><img loading=\"lazy\" decoding=\"async\" width=\"551\" height=\"351\" src=\"https:\/\/cgr.ufpr.br\/portal\/wp-content\/uploads\/2021\/10\/Toledo_550_350px-hj.png\" alt=\"\" class=\"wp-image-1463\" srcset=\"https:\/\/cgr.ufpr.br\/portal\/wp-content\/uploads\/2021\/10\/Toledo_550_350px-hj.png 551w, https:\/\/cgr.ufpr.br\/portal\/wp-content\/uploads\/2021\/10\/Toledo_550_350px-hj-300x191.png 300w\" sizes=\"auto, (max-width: 551px) 100vw, 551px\" \/><\/figure>\n","protected":false},"excerpt":{"rendered":"<p>Que tal divulgar o C\u00f3digo de \u00c9tica da UFPR no seu site? Temos aqui algumas diagrama\u00e7\u00f5es da SUCOM que podem ser usadas! E o link para o C\u00f3digo de \u00c9tica \u00e9 esse aqui: https:\/\/cgr.ufpr.br\/portal\/codigo-de-etica\/<\/p>\n","protected":false},"author":9,"featured_media":0,"parent":0,"menu_order":0,"comment_status":"closed","ping_status":"closed","template":"","meta":{"footnotes":""},"class_list":["post-1452","page","type-page","status-publish","hentry"],"_links":{"self":[{"href":"https:\/\/cgr.ufpr.br\/portal\/wp-json\/wp\/v2\/pages\/1452","targetHints":{"allow":["GET"]}}],"collection":[{"href":"https:\/\/cgr.ufpr.br\/portal\/wp-json\/wp\/v2\/pages"}],"about":[{"href":"https:\/\/cgr.ufpr.br\/portal\/wp-json\/wp\/v2\/types\/page"}],"author":[{"embeddable":true,"href":"https:\/\/cgr.ufpr.br\/portal\/wp-json\/wp\/v2\/users\/9"}],"replies":[{"embeddable":true,"href":"https:\/\/cgr.ufpr.br\/portal\/wp-json\/wp\/v2\/comments?post=1452"}],"version-history":[{"count":1,"href":"https:\/\/cgr.ufpr.br\/portal\/wp-json\/wp\/v2\/pages\/1452\/revisions"}],"predecessor-version":[{"id":1464,"href":"https:\/\/cgr.ufpr.br\/portal\/wp-json\/wp\/v2\/pages\/1452\/revisions\/1464"}],"wp:attachment":[{"href":"https:\/\/cgr.ufpr.br\/portal\/wp-json\/wp\/v2\/media?parent=1452"}],"curies":[{"name":"wp","href":"https:\/\/api.w.org\/{rel}","templated":true}]}}