{"id":15,"date":"2017-09-28T16:22:42","date_gmt":"2017-09-28T19:22:42","guid":{"rendered":"https:\/\/cgr.ufpr.br\/portal\/?page_id=15"},"modified":"2017-10-10T14:45:40","modified_gmt":"2017-10-10T17:45:40","slug":"gestao-de-custos","status":"publish","type":"page","link":"https:\/\/cgr.ufpr.br\/portal\/gestao-de-custos\/","title":{"rendered":"Gest\u00e3o de Custos"},"content":{"rendered":"<h4>Contexto do contingenciamento de gastos da Uni\u00e3o e da UFPR em 2017<\/h4>\n<p>A Lei n\u00ba 13.408, de 26 de dezembro de 2016 (D.O.U. de 27\/12\/2016), &#8220;Lei de Diretrizes Or\u00e7ament\u00e1rias de 2017&#8221;, orientou o contingenciamento de gastos da Uni\u00e3o no valor de R$ 79,5 bilh\u00f5es, o maior desde a implementa\u00e7\u00e3o da Lei de Responsabilidade Fiscal.<\/p>\n<p>O or\u00e7amento da UFPR para 2017, aprovado pelo COPLAD em 21 de junho, reflete o contingenciamento. O or\u00e7amento total da UFPR proveniente do Tesouro Nacional para 2017 \u00e9 de R$ 1.363.533.235,00 \u2013 valor 11,9% superior ao do ano passado. O aumento, no entanto, est\u00e1 concentrado nas despesas com pessoal: cobre a reposi\u00e7\u00e3o salarial de professores e servidores t\u00e9cnico-administrativos e as contrata\u00e7\u00f5es, feitas especialmente para os campi do interior do Estado. O or\u00e7amento total, incluindo recursos diretamente arrecadados, \u00e9 de R$ 1.424.514.409,00.<\/p>\n<p>O or\u00e7amento para custeio e investimento sofreu cortes expressivos. Em capital, a redu\u00e7\u00e3o foi de 27,2%, o que limita significativamente a capacidade de investimento da UFPR. Ap\u00f3s a redu\u00e7\u00e3o, o valor para investimentos em 2017 \u00e9 de R$ 22.186.876,00.<\/p>\n<p>Para custeio o or\u00e7amento prev\u00ea R$ 173.164.995,00 \u2013 R$ 11,3 milh\u00f5es a menos do que no ano passado, o que representa um corte de 6,1%.<\/p>\n<p>Sobre esse or\u00e7amento reduzido, previsto na Lei Or\u00e7ament\u00e1ria da Uni\u00e3o, ainda pesa o contingenciamento feito no in\u00edcio de maio pelo governo federal, que implicou num corte linear de 10% nos recursos destinados para todas as unidades setoriais e da administra\u00e7\u00e3o central da UFPR.<\/p>\n<p>O total de receitas pr\u00f3prias para este ano foi estimado em R$ 60,98 milh\u00f5es \u2013 R$ 3 milh\u00f5es a mais que 2016. Esta previs\u00e3o, no entanto, sofreu com o contingenciamento, sendo reduzida em R$ 8 milh\u00f5es, o que limita a utiliza\u00e7\u00e3o dos recursos mesmo com a confirma\u00e7\u00e3o da arrecada\u00e7\u00e3o.<\/p>\n<h4>O papel da CGR<\/h4>\n<p>Antecipando-se a um poss\u00edvel contingenciamento or\u00e7ament\u00e1rio tamb\u00e9m no ano de 2018 e procurando evitar que despesas sejam deixadas pela UFPR de um ano para o outro, a Pr\u00f3-reitoria de Planejamento, Or\u00e7amento e Finan\u00e7as busca promover um melhor gerenciamento dos custos envolvidos nas atividades administrativas da Universidade, atrav\u00e9s da an\u00e1lise e monitoramento das despesas em sua origem, da identifica\u00e7\u00e3o e aproveitamento de oportunidades de otimiza\u00e7\u00e3o do uso dos recursos e do estudo e melhoria dos processos de trabalho na Institui\u00e7\u00e3o.<\/p>\n<p>A Coordenadoria de Governan\u00e7a e Riscos atuar\u00e1 neste cen\u00e1rio realizando projetos de monitoramento e contingenciamento or\u00e7ament\u00e1rio pelos centros de custo da UFPR, procurando garantir a sustentabilidade financeira da Universidade.<\/p>\n<p>&nbsp;<\/p>\n","protected":false},"excerpt":{"rendered":"<p>Contexto do contingenciamento de gastos da Uni\u00e3o e da UFPR em 2017 A Lei n\u00ba 13.408, de 26 de dezembro de 2016 (D.O.U. de 27\/12\/2016), &#8220;Lei de Diretrizes Or\u00e7ament\u00e1rias de 2017&#8221;, orientou o contingenciamento de gastos da Uni\u00e3o no valor de R$ 79,5 bilh\u00f5es, o maior desde a implementa\u00e7\u00e3o da Lei de Responsabilidade Fiscal. O [&hellip;]<\/p>\n","protected":false},"author":8,"featured_media":0,"parent":0,"menu_order":0,"comment_status":"closed","ping_status":"closed","template":"","meta":{"footnotes":""},"class_list":["post-15","page","type-page","status-publish","hentry"],"_links":{"self":[{"href":"https:\/\/cgr.ufpr.br\/portal\/wp-json\/wp\/v2\/pages\/15","targetHints":{"allow":["GET"]}}],"collection":[{"href":"https:\/\/cgr.ufpr.br\/portal\/wp-json\/wp\/v2\/pages"}],"about":[{"href":"https:\/\/cgr.ufpr.br\/portal\/wp-json\/wp\/v2\/types\/page"}],"author":[{"embeddable":true,"href":"https:\/\/cgr.ufpr.br\/portal\/wp-json\/wp\/v2\/users\/8"}],"replies":[{"embeddable":true,"href":"https:\/\/cgr.ufpr.br\/portal\/wp-json\/wp\/v2\/comments?post=15"}],"version-history":[{"count":6,"href":"https:\/\/cgr.ufpr.br\/portal\/wp-json\/wp\/v2\/pages\/15\/revisions"}],"predecessor-version":[{"id":198,"href":"https:\/\/cgr.ufpr.br\/portal\/wp-json\/wp\/v2\/pages\/15\/revisions\/198"}],"wp:attachment":[{"href":"https:\/\/cgr.ufpr.br\/portal\/wp-json\/wp\/v2\/media?parent=15"}],"curies":[{"name":"wp","href":"https:\/\/api.w.org\/{rel}","templated":true}]}}