{"id":1535,"date":"2022-03-18T14:57:02","date_gmt":"2022-03-18T17:57:02","guid":{"rendered":"https:\/\/cgr.ufpr.br\/portal\/?page_id=1535"},"modified":"2022-03-18T14:57:02","modified_gmt":"2022-03-18T17:57:02","slug":"pesquisa-publica-perguntas-frequentes","status":"publish","type":"page","link":"https:\/\/cgr.ufpr.br\/portal\/pesquisa-publica-perguntas-frequentes\/","title":{"rendered":"Pesquisa P\u00fablica &#8211; Perguntas Frequentes"},"content":{"rendered":"\n<figure class=\"wp-block-table\"><table><tbody><tr><td><a href=\"#1\">1. O que \u00e9 o m\u00f3dulo de pesquisa p\u00fablica?<\/a><\/td><\/tr><tr><td><a href=\"#2\">2. Como devo abrir processos e criar documentos?<\/a><\/td><\/tr><tr><td><a href=\"#3\">3. O que \u00e9 dado pessoal?<\/a><\/td><\/tr><tr><td><a href=\"#4\">4. O que \u00e9 dado pessoal sens\u00edvel?<\/a><\/td><\/tr><tr><td><a href=\"#5\">5. Por que estamos liberando o teor de documentos p\u00fablicos neste m\u00f3dulo?<\/a><\/td><\/tr><tr><td><a href=\"#6\">6. O que fazer quando receber processos restritos?<\/a><\/td><\/tr><tr><td><a href=\"#7\">7. O que fazer quando receber processos contendo documentos p\u00fablicos com dados pass\u00edveis de restri\u00e7\u00e3o?<\/a><\/td><\/tr><tr><td><a href=\"#8\">8. Quem deve se preocupar com a restri\u00e7\u00e3o nos documentos?<\/a><\/td><\/tr><tr><td><a href=\"#9\">9. Quais os procedimentos com rela\u00e7\u00e3o aos processos ou documentos sigilosos?<\/a><\/td><\/tr><\/tbody><\/table><\/figure>\n\n\n\n<p id=\"1\"><br><br><strong>1. O que \u00e9 o m\u00f3dulo de pesquisa p\u00fablica no SEI-UFPR?<\/strong><\/p>\n\n\n\n<p>\u00c9 um espa\u00e7o aberto (n\u00e3o precisa de usu\u00e1rio e senha) onde qualquer cidad\u00e3o pode pesquisar e acessar o teor dos documentos p\u00fablicos nos processos administrativos eletr\u00f4nicos criados no SEI-UFPR.<\/p>\n\n\n\n<p id=\"2\"><br><br><strong>2. Como devo abrir processos e criar documentos?<\/strong><\/p>\n\n\n\n<p>Em atendimentos \u00e0s legisla\u00e7\u00f5es de acesso \u00e0 informa\u00e7\u00e3o, os <strong>processos<\/strong> devem ser abertos com o <strong>n\u00edvel de acesso p\u00fablico<\/strong>.  <\/p>\n\n\n\n<p>S\u00e3o pass\u00edveis de restri\u00e7\u00e3o documentos com informa\u00e7\u00f5es restritas resguardadas por lei, como, por exemplo, dados pessoais, dados pessoais sens\u00edveis, propriedade industrial ou documento preparat\u00f3rio.<\/p>\n\n\n\n<p id=\"3\"><br><br><strong>3. O que \u00e9 dado pessoal?<\/strong> <\/p>\n\n\n\n<p>Segundo o artigo 5\u00ba, inciso I da Lei n\u00ba 13.709\/2018, dado pessoal \u00e9 a informa\u00e7\u00e3o relacionada a pessoal natural identificada ou identific\u00e1vel.<\/p>\n\n\n\n<p id=\"4\"><br><br><strong>4. O que \u00e9 dado pessoal sens\u00edvel?<\/strong><\/p>\n\n\n\n<p>Segundo o artigo 5\u00ba, inciso II da Lei n\u00ba 13.709\/2018, dado pessoal sens\u00edvel \u00e9 o dado pessoal sobre origem racial ou \u00e9tnica, convic\u00e7\u00e3o religiosa, opini\u00e3o pol\u00edtica, filia\u00e7\u00e3o a sindicato ou a organiza\u00e7\u00e3o de car\u00e1ter religioso, filos\u00f3fico ou pol\u00edtico, dado referente \u00e0 sa\u00fade ou \u00e0 vida sexual, dado gen\u00e9tico ou biom\u00e9trico, quando vinculado a uma pessoa natural.<\/p>\n\n\n\n<p id=\"5\"><br><br><strong>5. Por que estamos liberando o teor dos documentos p\u00fablicos neste m\u00f3dulo?<\/strong><\/p>\n\n\n\n<p>Em atendimento \u00e0s legisla\u00e7\u00f5es relacionadas e \u00e0s determina\u00e7\u00f5es do TCU descritas no Ac\u00f3rd\u00e3o 484\/2021-TCU-Plen\u00e1rio.<\/p>\n\n\n\n<p id=\"6\"><br><br><strong>6. O que fazer quando receber processos restritos?<\/strong><\/p>\n\n\n\n<p>Deve-se alterar o seu n\u00edvel de acesso para p\u00fablico.<\/p>\n\n\n\n<p id=\"7\"><br><br><strong>7. <strong>O que fazer quando receber processos contendo documentos p\u00fablicos com dados pass\u00edveis de restri\u00e7\u00e3o?<\/strong><\/strong><\/p>\n\n\n\n<p>Deve-se comunicar imediatamente a \u00e1rea demandante do documento, solicitando imediata corre\u00e7\u00e3o.<\/p>\n\n\n\n<p id=\"8\"><br><br><strong>8. <strong>Quem deve se preocupar com a restri\u00e7\u00e3o nos documentos?<\/strong><\/strong><\/p>\n\n\n\n<p>O usu\u00e1rio gerador do documento e assinante(s), e gestores dos processos. <\/p>\n\n\n\n<p id=\"9\"><br><br><strong>9. <strong><strong>Quais os procedimentos com rela\u00e7\u00e3o aos processos ou documentos sigilosos?<\/strong><\/strong><\/strong> <\/p>\n\n\n\n<p>Os processos ou documentos sigilosos n\u00e3o se alteram e n\u00e3o s\u00e3o pesquis\u00e1veis no m\u00f3dulo de pesquisa p\u00fablica. <\/p>\n","protected":false},"excerpt":{"rendered":"<p>1. O que \u00e9 o m\u00f3dulo de pesquisa p\u00fablica? 2. Como devo abrir processos e criar documentos? 3. O que \u00e9 dado pessoal? 4. O que \u00e9 dado pessoal sens\u00edvel? 5. Por que estamos liberando o teor de documentos p\u00fablicos neste m\u00f3dulo? 6. O que fazer quando receber processos restritos? 7. O que fazer quando [&hellip;]<\/p>\n","protected":false},"author":9,"featured_media":0,"parent":0,"menu_order":0,"comment_status":"closed","ping_status":"closed","template":"","meta":{"footnotes":""},"class_list":["post-1535","page","type-page","status-publish","hentry"],"_links":{"self":[{"href":"https:\/\/cgr.ufpr.br\/portal\/wp-json\/wp\/v2\/pages\/1535","targetHints":{"allow":["GET"]}}],"collection":[{"href":"https:\/\/cgr.ufpr.br\/portal\/wp-json\/wp\/v2\/pages"}],"about":[{"href":"https:\/\/cgr.ufpr.br\/portal\/wp-json\/wp\/v2\/types\/page"}],"author":[{"embeddable":true,"href":"https:\/\/cgr.ufpr.br\/portal\/wp-json\/wp\/v2\/users\/9"}],"replies":[{"embeddable":true,"href":"https:\/\/cgr.ufpr.br\/portal\/wp-json\/wp\/v2\/comments?post=1535"}],"version-history":[{"count":13,"href":"https:\/\/cgr.ufpr.br\/portal\/wp-json\/wp\/v2\/pages\/1535\/revisions"}],"predecessor-version":[{"id":1575,"href":"https:\/\/cgr.ufpr.br\/portal\/wp-json\/wp\/v2\/pages\/1535\/revisions\/1575"}],"wp:attachment":[{"href":"https:\/\/cgr.ufpr.br\/portal\/wp-json\/wp\/v2\/media?parent=1535"}],"curies":[{"name":"wp","href":"https:\/\/api.w.org\/{rel}","templated":true}]}}