{"id":1583,"date":"2022-03-24T15:21:57","date_gmt":"2022-03-24T18:21:57","guid":{"rendered":"https:\/\/cgr.ufpr.br\/portal\/?page_id=1583"},"modified":"2022-03-24T15:53:27","modified_gmt":"2022-03-24T18:53:27","slug":"e-prevencao-2","status":"publish","type":"page","link":"https:\/\/cgr.ufpr.br\/portal\/e-prevencao-2\/","title":{"rendered":"e-Preven\u00e7\u00e3o"},"content":{"rendered":"\n<p>Este indicador integra o Programa Nacional de Preven\u00e7\u00e3o \u00e0 Corrup\u00e7\u00e3o.<\/p>\n\n\n\n<p>Cada institui\u00e7\u00e3o pode autoavaliar-se de forma a descobrir antecipadamente pontos mais vulner\u00e1veis e suscet\u00edveis \u00e0 falhas, e, a partir desse diagn\u00f3stico, ele ter\u00e1 um plano de a\u00e7\u00e3o espec\u00edfico com sugest\u00f5es e propostas adequadas \u00e0s necessidades do ente.<\/p>\n\n\n\n<p id=\"https:\/\/cgr.ufpr.br\/portal\/wp-content\/uploads\/2022\/03\/eprevencao_2021.pdf\"><a rel=\"noreferrer noopener\" href=\"https:\/\/cgr.ufpr.br\/portal\/wp-content\/uploads\/2022\/03\/eprevencao_2021.pdf\" target=\"_blank\">Question\u00e1rio respondido pela UFPR no ano de 2021<\/a><\/p>\n","protected":false},"excerpt":{"rendered":"<p>Este indicador integra o Programa Nacional de Preven\u00e7\u00e3o \u00e0 Corrup\u00e7\u00e3o. Cada institui\u00e7\u00e3o pode autoavaliar-se de forma a descobrir antecipadamente pontos mais vulner\u00e1veis e suscet\u00edveis \u00e0 falhas, e, a partir desse diagn\u00f3stico, ele ter\u00e1 um plano de a\u00e7\u00e3o espec\u00edfico com sugest\u00f5es e propostas adequadas \u00e0s necessidades do ente. Question\u00e1rio respondido pela UFPR no ano de 2021<\/p>\n","protected":false},"author":9,"featured_media":0,"parent":0,"menu_order":0,"comment_status":"closed","ping_status":"closed","template":"","meta":{"footnotes":""},"class_list":["post-1583","page","type-page","status-publish","hentry"],"_links":{"self":[{"href":"https:\/\/cgr.ufpr.br\/portal\/wp-json\/wp\/v2\/pages\/1583","targetHints":{"allow":["GET"]}}],"collection":[{"href":"https:\/\/cgr.ufpr.br\/portal\/wp-json\/wp\/v2\/pages"}],"about":[{"href":"https:\/\/cgr.ufpr.br\/portal\/wp-json\/wp\/v2\/types\/page"}],"author":[{"embeddable":true,"href":"https:\/\/cgr.ufpr.br\/portal\/wp-json\/wp\/v2\/users\/9"}],"replies":[{"embeddable":true,"href":"https:\/\/cgr.ufpr.br\/portal\/wp-json\/wp\/v2\/comments?post=1583"}],"version-history":[{"count":5,"href":"https:\/\/cgr.ufpr.br\/portal\/wp-json\/wp\/v2\/pages\/1583\/revisions"}],"predecessor-version":[{"id":1591,"href":"https:\/\/cgr.ufpr.br\/portal\/wp-json\/wp\/v2\/pages\/1583\/revisions\/1591"}],"wp:attachment":[{"href":"https:\/\/cgr.ufpr.br\/portal\/wp-json\/wp\/v2\/media?parent=1583"}],"curies":[{"name":"wp","href":"https:\/\/api.w.org\/{rel}","templated":true}]}}