{"id":17,"date":"2017-09-28T16:22:59","date_gmt":"2017-09-28T19:22:59","guid":{"rendered":"https:\/\/cgr.ufpr.br\/portal\/?page_id=17"},"modified":"2018-01-25T17:52:15","modified_gmt":"2018-01-25T19:52:15","slug":"gestao-de-riscos","status":"publish","type":"page","link":"https:\/\/cgr.ufpr.br\/portal\/gestao-de-riscos\/","title":{"rendered":"Gest\u00e3o de Riscos"},"content":{"rendered":"<p>O papel fundamental do gestor p\u00fablico \u00e9 garantir a efetividade das a\u00e7\u00f5es realizadas, sob sua responsabilidade, na consecu\u00e7\u00e3o dos objetivos tra\u00e7ados pela governan\u00e7a.<\/p>\n<p>No caminho de tais a\u00e7\u00f5es existe a incerteza de que eventualmente estas possam surtir efeitos diferentes do esperado. A possibilidade de que ocorram eventos que gerem efeito(s) positivo(s) sobre os objetivos pode ser encarada como oportunidade e a possibilidade de que ocorram eventos afetando negativamente os objetivos deve ser encarada como risco.<\/p>\n<p>A gest\u00e3o baseada em riscos \u00e9 um instrumento para gerenciar situa\u00e7\u00f5es de incerteza, contribuindo com a perenidade da organiza\u00e7\u00e3o e melhorando a forma como os tomadores de decis\u00e3o gerenciam as atividades sob sua responsabilidade.<\/p>\n<p>Uma gest\u00e3o bem-sucedida dos riscos institucionais pode reduzir a probabilidade e o impacto de poss\u00edveis riscos e aumentar a efici\u00eancia operacional. Al\u00e9m deste contexto mais amplo, a gest\u00e3o de riscos tamb\u00e9m pode ser aplicada de forma menos abrangente, sobre projetos, atividades ou ativos espec\u00edficos, setores, departamentos ou outras unidades organizacionais.<\/p>\n<div style=\"width: 86%; text-align:center; margin-top: 15px; margin-bottom: 15px; margin-left: 7%; padding: 12px; background: #bfdfef\">\n<h6>Gest\u00e3o de Riscos trata-se de uma postura preventiva, atrav\u00e9s da qual, o gestor e sua equipe conseguem reduzir o tempo que costumavam empregar resolvendo problemas e passam a ter mais tempo para trabalhar entregando valor.<\/h6>\n<\/div>\n<p>Riscos podem ter origem operacional, financeira, regulat\u00f3ria, estrat\u00e9gica, tecnol\u00f3gica, sist\u00eamica, social e ambiental.<\/p>\n<p>Algumas refer\u00eancias e metodologias aplic\u00e1veis a Gest\u00e3o de Riscos:<\/p>\n<ul>\n<li><a title=\"Clique para abrir em outra guia\" href=\"https:\/\/www.finance.gov.au\/comcover\/risk-management\/the-commonwealth-risk-management-policy\/\" target=\"_blank\" rel=\"noopener\">Australian Government Department Commonwealth Risk Management Policy<\/a><\/li>\n<li>IBGC Cadernos de Governan\u00e7a<br \/>\n<blockquote><p><a title=\"Clique para abrir em outra guia\" href=\"http:\/\/www.ibgc.org.br\/index.php\/publicacoescadernos-de-governanca\" target=\"_blank\" rel=\"noopener\">3 Guia de Orienta\u00e7\u00e3o para Gerenciamento de Riscos Corporativos<br \/>\n19 Gerenciamento de Riscos Corporativos: Evolu\u00e7\u00e3o em Governan\u00e7a e Estrat\u00e9gia<\/a><\/p><\/blockquote>\n<\/li>\n<li>COSO<br \/>\n<blockquote><p><a title=\"Clique para abrir em outra guia\" href=\"https:\/\/www.coso.org\/Pages\/guidance.aspx\" target=\"_blank\" rel=\"noopener\">Guias<\/a><br \/>\n<a title=\"Clique para abrir em outra guia\" href=\"https:\/\/www.coso.org\/Pages\/ic.aspx\" target=\"_blank\" rel=\"noopener\">Guidance on Internal Control 2013<\/a><br \/>\n<a title=\"Clique para abrir em outra guia\" href=\"https:\/\/www.coso.org\/Pages\/erm.aspx\" target=\"_blank\" rel=\"noopener\">Guidance on Enterprise Risk Management 2004<\/a><\/p><\/blockquote>\n<\/li>\n<li>INTOSAI ISSAI Framework<br \/>\n<blockquote><p><a title=\"Clique para abrir em outra guia\" href=\"http:\/\/www.issai.org\/en_us\/site-issai\/issai-framework\/intosai-gov.htm\" target=\"_blank\" rel=\"noopener\">INTOSAI GOV 9100 &#8211; Guidelines for Internal Control Standards for the Public Sector<br \/>\nINTOSAI GOV 9130 &#8211; Further Information on Entity Risk Management<\/a><\/p><\/blockquote>\n<\/li>\n<li>ISACA<br \/>\n<blockquote><p><a title=\"Clique para abrir em outra guia\" href=\"http:\/\/www.isaca.org\/COBIT\/Pages\/COBIT-5-portuguese.aspx\" target=\"_blank\" rel=\"noopener\">COBIT 5 (processos EDM03 Garantir a otimiza\u00e7\u00e3o do risco + APO12 Gerenciar riscos)<\/a><br \/>\n<a title=\"Clique para abrir em outra guia\" href=\"https:\/\/www.isaca.org\/COBIT\/Pages\/Risk-product-page.aspx\" target=\"_blank\" rel=\"noopener\">COBIT 5 for Risk<\/a><\/p><\/blockquote>\n<\/li>\n<li>ISO<br \/>\n<blockquote><p><a title=\"Clique para abrir em outra guia\" href=\"https:\/\/www.iso.org\/iso-31000-risk-management.html\" target=\"_blank\" rel=\"noopener\">ISO 31000:2009<br \/>\nISO Guide 73:2009<\/a><\/p><\/blockquote>\n<\/li>\n<li><a title=\"Clique para abrir em outra guia\" href=\"http:\/\/www.iodsa.co.za\/page\/KingIVReport\" target=\"_blank\" rel=\"noopener\">King IV Report on Corporate Governance for South Africa 2016<\/a><\/li>\n<li>TCU<br \/>\n<blockquote><p><a title=\"Clique para abrir em outra guia\" href=\"http:\/\/portal.tcu.gov.br\/biblioteca-digital\/controles-internos-e-gestao-de-riscos-estudo-de-caso-em-orgaos-de-controle-da-administracao-publica-brasileira.htm\" target=\"_blank\" rel=\"noopener\">Controles internos e gest\u00e3o de riscos: estudo de caso em \u00f3rg\u00e3os de controle da administra\u00e7\u00e3o p\u00fablica brasileira<\/a><br \/>\n<a title=\"Clique para abrir em outra guia\" href=\"http:\/\/portal.tcu.gov.br\/biblioteca-digital\/melhores-praticas-de-gerenciamento-de-riscos.htm\" target=\"_blank\" rel=\"noopener\">Melhores pr\u00e1ticas de gerenciamento de riscos<\/a><br \/>\n<a title=\"Clique para abrir em outra guia\" href=\"http:\/\/portal.tcu.gov.br\/biblioteca-digital\/parceria-publico-privada-procedimento-de-avaliacao-qualitativa-de-riscos-como-ferramenta-para-desenho-de-contratos.htm\" target=\"_blank\" rel=\"noopener\">Parceria p\u00fablico-privada: procedimento de avalia\u00e7\u00e3o qualitativa de riscos como ferramenta para desenho de contratos<\/a><br \/>\n<a title=\"Clique para abrir em outra guia\" href=\"http:\/\/portal.tcu.gov.br\/biblioteca-digital\/-planejamento-das-acoes-de-controle-do-tribunal-de-contas-da-uniao-por-meio-de-avaliacao-de-riscos.htm\" target=\"_blank\" rel=\"noopener\">Planejamento das a\u00e7\u00f5es de controle do Tribunal de Contas da Uni\u00e3o por meio de avalia\u00e7\u00e3o de riscos<\/a><br \/>\n<a title=\"Clique para abrir em outra guia\" href=\"http:\/\/portal.tcu.gov.br\/biblioteca-digital\/planilha-de-riscos.htm\" target=\"_blank\" rel=\"noopener\">Planilha de riscos<\/a><\/p><\/blockquote>\n<\/li>\n<li><a title=\"Clique para abrir em outra guia\" href=\"https:\/\/www.gov.uk\/government\/publications\/orange-book\" target=\"_blank\" rel=\"noopener\">United Kingdom HM Treasury Orange Book 2004<\/a><\/li>\n<\/ul>\n","protected":false},"excerpt":{"rendered":"<p>O papel fundamental do gestor p\u00fablico \u00e9 garantir a efetividade das a\u00e7\u00f5es realizadas, sob sua responsabilidade, na consecu\u00e7\u00e3o dos objetivos tra\u00e7ados pela governan\u00e7a. No caminho de tais a\u00e7\u00f5es existe a incerteza de que eventualmente estas possam surtir efeitos diferentes do esperado. A possibilidade de que ocorram eventos que gerem efeito(s) positivo(s) sobre os objetivos pode [&hellip;]<\/p>\n","protected":false},"author":8,"featured_media":0,"parent":0,"menu_order":0,"comment_status":"closed","ping_status":"closed","template":"","meta":{"footnotes":""},"class_list":["post-17","page","type-page","status-publish","hentry"],"_links":{"self":[{"href":"https:\/\/cgr.ufpr.br\/portal\/wp-json\/wp\/v2\/pages\/17","targetHints":{"allow":["GET"]}}],"collection":[{"href":"https:\/\/cgr.ufpr.br\/portal\/wp-json\/wp\/v2\/pages"}],"about":[{"href":"https:\/\/cgr.ufpr.br\/portal\/wp-json\/wp\/v2\/types\/page"}],"author":[{"embeddable":true,"href":"https:\/\/cgr.ufpr.br\/portal\/wp-json\/wp\/v2\/users\/8"}],"replies":[{"embeddable":true,"href":"https:\/\/cgr.ufpr.br\/portal\/wp-json\/wp\/v2\/comments?post=17"}],"version-history":[{"count":16,"href":"https:\/\/cgr.ufpr.br\/portal\/wp-json\/wp\/v2\/pages\/17\/revisions"}],"predecessor-version":[{"id":372,"href":"https:\/\/cgr.ufpr.br\/portal\/wp-json\/wp\/v2\/pages\/17\/revisions\/372"}],"wp:attachment":[{"href":"https:\/\/cgr.ufpr.br\/portal\/wp-json\/wp\/v2\/media?parent=17"}],"curies":[{"name":"wp","href":"https:\/\/api.w.org\/{rel}","templated":true}]}}