{"id":1713,"date":"2022-09-15T13:34:29","date_gmt":"2022-09-15T16:34:29","guid":{"rendered":"https:\/\/cgr.ufpr.br\/portal\/?page_id=1713"},"modified":"2022-09-22T12:01:16","modified_gmt":"2022-09-22T15:01:16","slug":"sei-4-0","status":"publish","type":"page","link":"https:\/\/cgr.ufpr.br\/portal\/sei-4-0\/","title":{"rendered":"SEI 4.0"},"content":{"rendered":"<p><a href=\"https:\/\/cgr.ufpr.br\/portal\/wp-content\/uploads\/2022\/09\/Novidades_SEI_4.0.0.pdf\">Novidades do SEI 4.0.0<\/a><\/p>\n<p><a href=\"http:\/\/www.proplan.ufpr.br\/portal\/wp-content\/uploads\/2022\/09\/TUTORIAL_SEI_4.mp4\">Tutorial SEI 4.0<\/a><\/p>\n<p><a href=\"https:\/\/www.youtube.com\/watch?v=bXcPphTelds\">Mat\u00e9ria sobre o SEI 4.0 na UFPR TV<\/a><\/p>\n<p><a href=\"https:\/\/www.ufpr.br\/portalufpr\/noticias\/sei-4-0-nova-versao-do-sistema-eletronico-de-informacoes-da-ufpr-esta-disponivel-para-comunidade-academica\/\">Mat\u00e9ria sobre a SEI 4.0 no site da UFPR<\/a><\/p>\n<p>Manual do SEI 4.0 (<em>em breve<\/em>)<\/p>\n<p>\u00a0<\/p>\n<p><strong>PESQUISA NO SEI<\/strong><\/p>\n<p>A funcionalidade &#8220;Pesquisa&#8221; est\u00e1 sendo atualizada. Estimamos que at\u00e9 a pr\u00f3xima semana esteja operando sem problemas.<\/p>\n<ul>\n<li style=\"list-style-type: none;\">\n<ul>\n<li>Caso precise, alternativamente, poder\u00e1 ser utilizada a &#8220;<strong>Pesquisa n\u00e3o-indexada<\/strong>&#8220;, com\u00a0 as seguintes op\u00e7\u00f5es funcionando: <strong>unidade geradora<\/strong>, <strong>assunto<\/strong>, <strong>assinante<\/strong>, <strong>contato<\/strong>, <strong>especifica\u00e7\u00e3o \/ descri\u00e7\u00e3o<\/strong>, <strong>obs. desta unidade<\/strong>,<strong> n\u00ba SEI<\/strong>, <strong>tipo do processo<\/strong>, <strong>tipo do documento<\/strong>, <strong>nome na arvore<\/strong>, <strong>usu\u00e1rio gerador<\/strong>, e <strong>data<\/strong>.<\/li>\n<\/ul>\n<\/li>\n<\/ul>\n\n\n<\/p>\n<p>\u00a0<\/p>\n<p><strong>MENU<\/strong><\/p>\n<p>Quando o Menu do SEI &#8220;desaparecer&#8221;, basta clicar na op\u00e7\u00e3o &#8220;Menu&#8221; dispon\u00edvel na barra de ferramentas.<\/p>\n<p>\n\n\n\n<\/p>\n<figure class=\"wp-block-image aligncenter size-full\"><img loading=\"lazy\" decoding=\"async\" class=\"wp-image-1726 alignleft\" src=\"https:\/\/cgr.ufpr.br\/portal\/wp-content\/uploads\/2022\/09\/image.png\" alt=\"\" width=\"181\" height=\"64\" srcset=\"https:\/\/cgr.ufpr.br\/portal\/wp-content\/uploads\/2022\/09\/image.png 477w, https:\/\/cgr.ufpr.br\/portal\/wp-content\/uploads\/2022\/09\/image-300x106.png 300w\" sizes=\"auto, (max-width: 181px) 100vw, 181px\" \/><\/figure>\n<p>\n\n\n<p>\u00a0<\/p>\n<p><strong>\u00daLTIMOS ANDAMENTOS\u00a0<\/strong><\/p>\n<ul>\n<li>22\/09\/2022: M\u00f3dulo Pesquisa inoperante, em atualiza\u00e7\u00e3o! A op\u00e7\u00e3o &#8220;Pesquisa n\u00e3o indexada&#8221; est\u00e1 funcionando para as op\u00e7\u00f5es: unidade geradora, assunto, assinante, contato, especifica\u00e7\u00e3o \/ descri\u00e7\u00e3o, obs. desta unidade, n\u00ba SEI, tipo do processo, tipo do documento, nome na arvore, usu\u00e1rio gerador, e data.<\/li>\n<\/ul>\n<ul>\n<li>21\/09\/2022: M\u00f3dulo Pesquisa em atualiza\u00e7\u00e3o!<\/li>\n<\/ul>\n\n\n<\/p>\n<ul class=\"wp-block-list\">\n<li>20\/09\/2022: A caneta para assinatura est\u00e1 operando normalmente. <img loading=\"lazy\" decoding=\"async\" class=\"\" src=\"https:\/\/media.istockphoto.com\/vectors\/check-mark-symbol-icon-check-list-button-icon-in-a-circle-vector-id1086306200?k=6&amp;m=1086306200&amp;s=170667a&amp;w=0&amp;h=nAeVZratY1sMdOgsB1dGWz4gelMpPvhWDW7G18MYORs=\" width=\"28\" height=\"30\" \/><\/li>\n<li>20\/09\/2022: O download de PDFs est\u00e1 operando normalmente. <img loading=\"lazy\" decoding=\"async\" class=\"\" src=\"https:\/\/media.istockphoto.com\/vectors\/check-mark-symbol-icon-check-list-button-icon-in-a-circle-vector-id1086306200?k=6&amp;m=1086306200&amp;s=170667a&amp;w=0&amp;h=nAeVZratY1sMdOgsB1dGWz4gelMpPvhWDW7G18MYORs=\" width=\"28\" height=\"30\" \/><\/li>\n<\/ul>\n<p>\n\n\n\n<\/p>\n<p>\u00a0<\/p>\n<p>\n\n\n<p><\/p>\n\n\n<ul class=\"wp-block-list\"><li>19\/09\/2022: A caneta para assinatura, no SEI, est\u00e1 indispon\u00edvel em alguns casos. Estimamos que amanh\u00e3 estar\u00e1 operando normalmente.<\/li><\/ul>\n\n\n\n<ul class=\"wp-block-list\"><li>19\/09\/2022: O download de PDFs est\u00e1 temporariamente indispon\u00edvel. Esperamos em breve disponibilizar a funcionalidade<\/li><\/ul>\n\n\n\n<p><\/p>\n","protected":false},"excerpt":{"rendered":"<p>Novidades do SEI 4.0.0 Tutorial SEI 4.0 Mat\u00e9ria sobre o SEI 4.0 na UFPR TV Mat\u00e9ria sobre a SEI 4.0 no site da UFPR Manual do SEI 4.0 (em breve) \u00a0 PESQUISA NO SEI A funcionalidade &#8220;Pesquisa&#8221; est\u00e1 sendo atualizada. Estimamos que at\u00e9 a pr\u00f3xima semana esteja operando sem problemas. Caso precise, alternativamente, poder\u00e1 ser [&hellip;]<\/p>\n","protected":false},"author":8,"featured_media":0,"parent":0,"menu_order":0,"comment_status":"closed","ping_status":"closed","template":"","meta":{"footnotes":""},"class_list":["post-1713","page","type-page","status-publish","hentry"],"_links":{"self":[{"href":"https:\/\/cgr.ufpr.br\/portal\/wp-json\/wp\/v2\/pages\/1713","targetHints":{"allow":["GET"]}}],"collection":[{"href":"https:\/\/cgr.ufpr.br\/portal\/wp-json\/wp\/v2\/pages"}],"about":[{"href":"https:\/\/cgr.ufpr.br\/portal\/wp-json\/wp\/v2\/types\/page"}],"author":[{"embeddable":true,"href":"https:\/\/cgr.ufpr.br\/portal\/wp-json\/wp\/v2\/users\/8"}],"replies":[{"embeddable":true,"href":"https:\/\/cgr.ufpr.br\/portal\/wp-json\/wp\/v2\/comments?post=1713"}],"version-history":[{"count":23,"href":"https:\/\/cgr.ufpr.br\/portal\/wp-json\/wp\/v2\/pages\/1713\/revisions"}],"predecessor-version":[{"id":1786,"href":"https:\/\/cgr.ufpr.br\/portal\/wp-json\/wp\/v2\/pages\/1713\/revisions\/1786"}],"wp:attachment":[{"href":"https:\/\/cgr.ufpr.br\/portal\/wp-json\/wp\/v2\/media?parent=1713"}],"curies":[{"name":"wp","href":"https:\/\/api.w.org\/{rel}","templated":true}]}}