{"id":1846,"date":"2022-12-28T17:30:23","date_gmt":"2022-12-28T20:30:23","guid":{"rendered":"https:\/\/cgr.ufpr.br\/portal\/?page_id=1846"},"modified":"2024-11-26T15:50:42","modified_gmt":"2024-11-26T18:50:42","slug":"premios","status":"publish","type":"page","link":"https:\/\/cgr.ufpr.br\/portal\/premios\/","title":{"rendered":"Pr\u00eamios"},"content":{"rendered":"<h4><a title=\"Clique para abrir em nova guia\" href=\"https:\/\/cgr.ufpr.br\/portal\/wp-content\/uploads\/2022\/12\/caderno-de-boas-praticas-vii-edicao-2021_sl.pdf\" target=\"_blank\" rel=\"noopener noreferrer\">Boas Pr\u00e1ticas na Gest\u00e3o da \u00c9tica<\/a><\/h4>\n<blockquote><p>Comiss\u00e3o de \u00c9tica P\u00fablica da Presid\u00eancia da Rep\u00fablica<br \/>\n<a href=\"https:\/\/cgr.ufpr.br\/portal\/vivenciando-etica\/\">Projeto \u201cVivenciando \u00c9tica na UFPR<\/a>\u201d<br \/>\n2022<\/p><\/blockquote>\n<h4><a title=\"Clique para abrir em nova guia\" href=\"https:\/\/cgr.ufpr.br\/portal\/wp-content\/uploads\/2022\/12\/bestPaper03_epp.pdf\" target=\"_blank\" rel=\"noopener noreferrer\">Best Paper &#8211; WTICIFES<\/a><\/h4>\n<blockquote><p>Col\u00e9gio de Gestores de Tecnologia de Comunica\u00e7\u00e3o (CGTIC) das Institui\u00e7\u00f5es Federais de Ensino Superior (IFES)<br \/>\n<a href=\"https:\/\/cgr.ufpr.br\/portal\/wp-content\/uploads\/2022\/08\/artigo_priorizacao.pdf\" target=\"_blank\" rel=\"noopener noreferrer\">Modelo matem\u00e1tico de prioriza\u00e7\u00e3o de processos: caso aplicado \u00e0 UFPR<\/a><br \/>\n2022<\/p><\/blockquote>\n","protected":false},"excerpt":{"rendered":"<p>Boas Pr\u00e1ticas na Gest\u00e3o da \u00c9tica Comiss\u00e3o de \u00c9tica P\u00fablica da Presid\u00eancia da Rep\u00fablica Projeto \u201cVivenciando \u00c9tica na UFPR\u201d 2022 Best Paper &#8211; WTICIFES Col\u00e9gio de Gestores de Tecnologia de Comunica\u00e7\u00e3o (CGTIC) das Institui\u00e7\u00f5es Federais de Ensino Superior (IFES) Modelo matem\u00e1tico de prioriza\u00e7\u00e3o de processos: caso aplicado \u00e0 UFPR 2022<\/p>\n","protected":false},"author":8,"featured_media":0,"parent":0,"menu_order":0,"comment_status":"closed","ping_status":"closed","template":"","meta":{"footnotes":""},"class_list":["post-1846","page","type-page","status-publish","hentry"],"_links":{"self":[{"href":"https:\/\/cgr.ufpr.br\/portal\/wp-json\/wp\/v2\/pages\/1846","targetHints":{"allow":["GET"]}}],"collection":[{"href":"https:\/\/cgr.ufpr.br\/portal\/wp-json\/wp\/v2\/pages"}],"about":[{"href":"https:\/\/cgr.ufpr.br\/portal\/wp-json\/wp\/v2\/types\/page"}],"author":[{"embeddable":true,"href":"https:\/\/cgr.ufpr.br\/portal\/wp-json\/wp\/v2\/users\/8"}],"replies":[{"embeddable":true,"href":"https:\/\/cgr.ufpr.br\/portal\/wp-json\/wp\/v2\/comments?post=1846"}],"version-history":[{"count":5,"href":"https:\/\/cgr.ufpr.br\/portal\/wp-json\/wp\/v2\/pages\/1846\/revisions"}],"predecessor-version":[{"id":1855,"href":"https:\/\/cgr.ufpr.br\/portal\/wp-json\/wp\/v2\/pages\/1846\/revisions\/1855"}],"wp:attachment":[{"href":"https:\/\/cgr.ufpr.br\/portal\/wp-json\/wp\/v2\/media?parent=1846"}],"curies":[{"name":"wp","href":"https:\/\/api.w.org\/{rel}","templated":true}]}}