{"id":19,"date":"2017-09-28T16:23:11","date_gmt":"2017-09-28T19:23:11","guid":{"rendered":"https:\/\/cgr.ufpr.br\/portal\/?page_id=19"},"modified":"2018-03-21T12:40:24","modified_gmt":"2018-03-21T15:40:24","slug":"coordenadoria","status":"publish","type":"page","link":"https:\/\/cgr.ufpr.br\/portal\/coordenadoria\/","title":{"rendered":"Coordenadoria"},"content":{"rendered":"<p>A Coordenadoria de Governan\u00e7a e Riscos da UFPR \u00e9 ligada \u00e0 Pr\u00f3-Reitoria de Planejamento, Or\u00e7amento e Finan\u00e7as, sendo a unidade respons\u00e1vel por:<\/p>\n<ul>\n<li>identificar, analisar e gerenciar <a href=\"https:\/\/cgr.ufpr.br\/portal\/gestao-de-riscos\/\">riscos<\/a> que possam impactar a consecu\u00e7\u00e3o dos objetivos estabelecidos pelo Poder P\u00fablico e pelo planejamento da UFPR<\/li>\n<li>administrar o protocolo eletr\u00f4nico da UFPR, atualmente sistematizado atrav\u00e9s do sistema <a href=\"http:\/\/www.ufpr.br\/sei\" target=\"_blank\" title=\"Clique para abrir em nova guia\">SEI<\/a> &#8211; Sistema Eletr\u00f4nico de Informa\u00e7\u00f5es<\/li>\n<li>manter o <a href=\"https:\/\/cgr.ufpr.br\/portal\/organograma\/\">organograma<\/a> da UFPR<\/li>\n<li>promover a gest\u00e3o e melhoria cont\u00ednua dos <a href=\"https:\/\/cgr.ufpr.br\/portal\/gestao-por-processos\/\">processos de trabalho<\/a> da universidade, com vistas \u00e0 celeridade, efetividade, conformidade, transpar\u00eancia, controle e <a href=\"https:\/\/cgr.ufpr.br\/portal\/gestao-de-custos\/\">economicidade<\/a><\/li>\n<\/ul>\n<p>&nbsp;<\/p>\n<p>Saiba mais em:<\/p>\n<blockquote><p><a href=\"https:\/\/cgr.ufpr.br\/portal\/a-cgr\/\">A CGR<\/a> &#8211; conhe\u00e7a o hist\u00f3rico da unidade<br \/>\n<a href=\"https:\/\/cgr.ufpr.br\/portal\/carta-de-servicos\/\">Carta de Servi\u00e7os<\/a> &#8211; descubra os servi\u00e7os que a CGR disponibiliza \u00e0 comunidade universit\u00e1ria da UFPR<br \/>\n<a href=\"https:\/\/cgr.ufpr.br\/portal\/equipe\/\">Equipe<\/a> &#8211; veja com quem voc\u00ea pode contar para apoiar a melhoria de seus processos<br \/>\n<a href=\"https:\/\/cgr.ufpr.br\/portal\/noticias\">Not\u00edcias<\/a> &#8211; fique por dentro das a\u00e7\u00f5es da CGR<\/p><\/blockquote>\n","protected":false},"excerpt":{"rendered":"<p>A Coordenadoria de Governan\u00e7a e Riscos da UFPR \u00e9 ligada \u00e0 Pr\u00f3-Reitoria de Planejamento, Or\u00e7amento e Finan\u00e7as, sendo a unidade respons\u00e1vel por: identificar, analisar e gerenciar riscos que possam impactar a consecu\u00e7\u00e3o dos objetivos estabelecidos pelo Poder P\u00fablico e pelo planejamento da UFPR administrar o protocolo eletr\u00f4nico da UFPR, atualmente sistematizado atrav\u00e9s do sistema SEI [&hellip;]<\/p>\n","protected":false},"author":8,"featured_media":0,"parent":0,"menu_order":0,"comment_status":"closed","ping_status":"closed","template":"","meta":{"footnotes":""},"class_list":["post-19","page","type-page","status-publish","hentry"],"_links":{"self":[{"href":"https:\/\/cgr.ufpr.br\/portal\/wp-json\/wp\/v2\/pages\/19","targetHints":{"allow":["GET"]}}],"collection":[{"href":"https:\/\/cgr.ufpr.br\/portal\/wp-json\/wp\/v2\/pages"}],"about":[{"href":"https:\/\/cgr.ufpr.br\/portal\/wp-json\/wp\/v2\/types\/page"}],"author":[{"embeddable":true,"href":"https:\/\/cgr.ufpr.br\/portal\/wp-json\/wp\/v2\/users\/8"}],"replies":[{"embeddable":true,"href":"https:\/\/cgr.ufpr.br\/portal\/wp-json\/wp\/v2\/comments?post=19"}],"version-history":[{"count":18,"href":"https:\/\/cgr.ufpr.br\/portal\/wp-json\/wp\/v2\/pages\/19\/revisions"}],"predecessor-version":[{"id":393,"href":"https:\/\/cgr.ufpr.br\/portal\/wp-json\/wp\/v2\/pages\/19\/revisions\/393"}],"wp:attachment":[{"href":"https:\/\/cgr.ufpr.br\/portal\/wp-json\/wp\/v2\/media?parent=19"}],"curies":[{"name":"wp","href":"https:\/\/api.w.org\/{rel}","templated":true}]}}