{"id":2066,"date":"2025-06-25T14:50:42","date_gmt":"2025-06-25T17:50:42","guid":{"rendered":"https:\/\/cgr.ufpr.br\/portal\/?page_id=2066"},"modified":"2026-01-20T11:53:21","modified_gmt":"2026-01-20T14:53:21","slug":"quadro-de-notaveis","status":"publish","type":"page","link":"https:\/\/cgr.ufpr.br\/portal\/quadro-de-notaveis\/","title":{"rendered":"\u00c1reas not\u00e1veis em gest\u00e3o de processos da UFPR"},"content":{"rendered":"\n<p>Este quadro de trof\u00e9us, gerado automaticamente sobre os dados mantidos pela PROPLAD\/ DGOV, \u00e9 um reconhecimento aos m\u00e9ritos em gest\u00e3o de processos por \u00e1reas de neg\u00f3cio da Universidade Federal do Paran\u00e1<\/p>\n\n\n\n<p class=\"has-text-align-center\" style=\"font-size:22px\">Parab\u00e9ns gestores e equipes!<\/p>\n\n\n<p><iframe loading=\"lazy\" title=\"QuadroNotaveis\" width=\"1024\" height=\"800\" src=\"https:\/\/app.powerbi.com\/view?r=eyJrIjoiMjE1YzNlOTgtZTRjYS00MTkzLTk5NzAtOWY3ZDE2YTZmY2ViIiwidCI6ImMzN2IzN2EzLWU5ZTItNDJmOS1iYzY3LTRiOWI3MzhlMWRmMCJ9\" frameborder=\"0\" allowFullScreen=\"true\"><\/iframe><\/p>\n\n\n<p>Para acompanhar o resgate do conhecimento institucional sobre os processos de neg\u00f3cio da UFPR, veja o <a href=\".\/painel-de-modelagem-de-processos\">Painel de modelagem de processos<\/a><\/p>\n<p>Conhe\u00e7a cada processo identificado, na <a href=\".\/arquitetura-de-processos\">Arquitetura de processos da UFPR<\/a><\/p>\n<\/br>\n","protected":false},"excerpt":{"rendered":"<p>Este quadro de trof\u00e9us, gerado automaticamente sobre os dados mantidos pela PROPLAD\/ DGOV, \u00e9 um reconhecimento aos m\u00e9ritos em gest\u00e3o de processos por \u00e1reas de neg\u00f3cio da Universidade Federal do Paran\u00e1 Parab\u00e9ns gestores e equipes! Para acompanhar o resgate do conhecimento institucional sobre os processos de neg\u00f3cio da UFPR, veja o Painel de modelagem de [&hellip;]<\/p>\n","protected":false},"author":8,"featured_media":0,"parent":0,"menu_order":0,"comment_status":"closed","ping_status":"closed","template":"","meta":{"footnotes":""},"class_list":["post-2066","page","type-page","status-publish","hentry"],"_links":{"self":[{"href":"https:\/\/cgr.ufpr.br\/portal\/wp-json\/wp\/v2\/pages\/2066","targetHints":{"allow":["GET"]}}],"collection":[{"href":"https:\/\/cgr.ufpr.br\/portal\/wp-json\/wp\/v2\/pages"}],"about":[{"href":"https:\/\/cgr.ufpr.br\/portal\/wp-json\/wp\/v2\/types\/page"}],"author":[{"embeddable":true,"href":"https:\/\/cgr.ufpr.br\/portal\/wp-json\/wp\/v2\/users\/8"}],"replies":[{"embeddable":true,"href":"https:\/\/cgr.ufpr.br\/portal\/wp-json\/wp\/v2\/comments?post=2066"}],"version-history":[{"count":17,"href":"https:\/\/cgr.ufpr.br\/portal\/wp-json\/wp\/v2\/pages\/2066\/revisions"}],"predecessor-version":[{"id":2359,"href":"https:\/\/cgr.ufpr.br\/portal\/wp-json\/wp\/v2\/pages\/2066\/revisions\/2359"}],"wp:attachment":[{"href":"https:\/\/cgr.ufpr.br\/portal\/wp-json\/wp\/v2\/media?parent=2066"}],"curies":[{"name":"wp","href":"https:\/\/api.w.org\/{rel}","templated":true}]}}