{"id":2191,"date":"2024-11-05T11:04:33","date_gmt":"2024-11-05T14:04:33","guid":{"rendered":"https:\/\/cgr.ufpr.br\/portal\/?page_id=2191"},"modified":"2024-11-05T13:03:31","modified_gmt":"2024-11-05T16:03:31","slug":"rede-girc","status":"publish","type":"page","link":"https:\/\/cgr.ufpr.br\/portal\/rede-girc\/","title":{"rendered":"Rede GIRC"},"content":{"rendered":"\n<p>A UFPR integra desde 2017 a Rede GIRC (Governan\u00e7a, Integridade, Riscos e Controles Internos), rede colaborativa aberta&nbsp;<a href=\"https:\/\/gestgov.discourse.group\/t\/1-rede-girc-29-ago-2017-instituicao-da-rede-girc\/169\">institu\u00edda em 29 ago 2017<\/a>&nbsp;que dissemina boas pr\u00e1ticas e promove debates sobre os temas de Governan\u00e7a, Integridade, Gest\u00e3o de Riscos e Controles Internos no Setor P\u00fablico.<\/p>\n\n\n\n<p>A jornada de encontros promovidos pela rede, pode ser encontrada na playlist, atrav\u00e9s do link abaixo<\/p>\n\n\n\n<p><a href=\"https:\/\/youtube.com\/playlist?list=PLy\u2026\">https:\/\/youtube.com\/playlist?list=PLy\u2026<\/a><\/p>\n\n\n\n<p>Livro <a href=\"https:\/\/cgr.ufpr.br\/portal\/wp-content\/uploads\/2024\/11\/INTEGRIDADE_7anos.pdf\">INTEGRIDADE: RISCOS E REFLEX\u00d5ES PARA O SETOR P\u00daBLICO &#8211; uma jornada pelos 7 anos da Rede GIRC<\/a><\/p>\n\n\n\n<figure class=\"wp-block-image size-full\"><img loading=\"lazy\" decoding=\"async\" width=\"804\" height=\"57\" src=\"https:\/\/cgr.ufpr.br\/portal\/wp-content\/uploads\/2024\/09\/branco.jpg\" alt=\"\" class=\"wp-image-2183\" srcset=\"https:\/\/cgr.ufpr.br\/portal\/wp-content\/uploads\/2024\/09\/branco.jpg 804w, https:\/\/cgr.ufpr.br\/portal\/wp-content\/uploads\/2024\/09\/branco-300x21.jpg 300w, https:\/\/cgr.ufpr.br\/portal\/wp-content\/uploads\/2024\/09\/branco-768x54.jpg 768w\" sizes=\"auto, (max-width: 804px) 100vw, 804px\" \/><\/figure>\n","protected":false},"excerpt":{"rendered":"<p>A UFPR integra desde 2017 a Rede GIRC (Governan\u00e7a, Integridade, Riscos e Controles Internos), rede colaborativa aberta&nbsp;institu\u00edda em 29 ago 2017&nbsp;que dissemina boas pr\u00e1ticas e promove debates sobre os temas de Governan\u00e7a, Integridade, Gest\u00e3o de Riscos e Controles Internos no Setor P\u00fablico. A jornada de encontros promovidos pela rede, pode ser encontrada na playlist, atrav\u00e9s [&hellip;]<\/p>\n","protected":false},"author":9,"featured_media":0,"parent":0,"menu_order":0,"comment_status":"closed","ping_status":"closed","template":"","meta":{"footnotes":""},"class_list":["post-2191","page","type-page","status-publish","hentry"],"_links":{"self":[{"href":"https:\/\/cgr.ufpr.br\/portal\/wp-json\/wp\/v2\/pages\/2191","targetHints":{"allow":["GET"]}}],"collection":[{"href":"https:\/\/cgr.ufpr.br\/portal\/wp-json\/wp\/v2\/pages"}],"about":[{"href":"https:\/\/cgr.ufpr.br\/portal\/wp-json\/wp\/v2\/types\/page"}],"author":[{"embeddable":true,"href":"https:\/\/cgr.ufpr.br\/portal\/wp-json\/wp\/v2\/users\/9"}],"replies":[{"embeddable":true,"href":"https:\/\/cgr.ufpr.br\/portal\/wp-json\/wp\/v2\/comments?post=2191"}],"version-history":[{"count":3,"href":"https:\/\/cgr.ufpr.br\/portal\/wp-json\/wp\/v2\/pages\/2191\/revisions"}],"predecessor-version":[{"id":2198,"href":"https:\/\/cgr.ufpr.br\/portal\/wp-json\/wp\/v2\/pages\/2191\/revisions\/2198"}],"wp:attachment":[{"href":"https:\/\/cgr.ufpr.br\/portal\/wp-json\/wp\/v2\/media?parent=2191"}],"curies":[{"name":"wp","href":"https:\/\/api.w.org\/{rel}","templated":true}]}}