{"id":423,"date":"2018-03-22T09:37:03","date_gmt":"2018-03-22T12:37:03","guid":{"rendered":"https:\/\/cgr.ufpr.br\/portal\/?page_id=423"},"modified":"2019-10-01T15:38:10","modified_gmt":"2019-10-01T18:38:10","slug":"sei-material-de-apoio","status":"publish","type":"page","link":"https:\/\/cgr.ufpr.br\/portal\/sei-material-de-apoio\/","title":{"rendered":"Material de apoio"},"content":{"rendered":"<h3><strong>Aqui voc\u00ea encontra tutoriais, v\u00eddeos e dicas.<\/strong><\/h3>\n<hr>\n<p><a href=\"https:\/\/cgr.ufpr.br\/portal\/wp-content\/uploads\/2019\/10\/SEI-UFPR-EstatisticasDoSEI-pesquisa2017.pdf\">SEI &#8211; UFPR &#8211; Pesquisa de Satisfa\u00e7\u00e3o<strong><\/strong><\/a><strong> <\/strong><\/p>\n<p><strong><\/strong><\/p>\n<p><strong><\/strong><\/p>\n<p><strong><\/p>\n<hr>\n<p>Clique <a href=\"https:\/\/softwarepublico.gov.br\/social\/sei\/manuais\/manual-do-usuario\/sumario\"><strong>aqui<\/strong><\/a> e acesse o tutorial dispon\u00edvel no site do Software P\u00fablico!<\/p>\n<hr>\n<p>Os <a href=\"https:\/\/cgr.ufpr.br\/portal\/pops-sei\/\" title=\"Clique para acessar os POPs do SEI\">POPs \u2013 Procedimentos Operacionais Padr\u00e3o<\/a> explicam passo a passo as opera\u00e7\u00f5es do SEI.<\/p>\n<hr>\n<h3>V\u00eddeos<\/h3>\n<table style=\"height: 808px;\" width=\"1367\">\n<tbody>\n<tr>\n<td colspan=\"3\" width=\"142\"><a href=\"https:\/\/youtu.be\/yqi1GmZjPJU\">SEI 3.0 &#8211; V\u00eddeo Tutorial<\/a><br \/>\nApresenta as principais novidades da nova vers\u00e3o aqui na UFPR<\/p>\n<p><a href=\"https:\/\/www.youtube.com\/watch?v=SkdP2bYMYeY\">SEI<\/a> &#8211; UM ANO DE IMPLANTA\u00c7\u00c3O NA UFPR<\/p>\n<p>&nbsp;<\/td>\n<td width=\"142\">&nbsp;<\/td>\n<\/tr>\n<tr>\n<td width=\"142\"><a href=\"https:\/\/www.youtube.com\/watch?v=vRa-DZdxr1s\" target=\"_blank\" rel=\"noopener noreferrer\">SEI- Introdu\u00e7\u00e3o<\/a><\/p>\n<p>Introdu\u00e7\u00e3o ao sistema \u2013 bem como explica\u00e7\u00f5es b\u00e1sicas sobre a tela principal.<\/td>\n<td width=\"142\"><a href=\"https:\/\/www.youtube.com\/watch?v=vRa-DZdxr1s\" target=\"_blank\" rel=\"noopener noreferrer\">SEI- Introdu\u00e7\u00e3o II<\/a><\/p>\n<p>Outro conte\u00fado introdut\u00f3rio sobre a utiliza\u00e7\u00e3o do sistema, com explica\u00e7\u00f5es e exemplos.<\/td>\n<td width=\"142\"><a href=\"https:\/\/www.youtube.com\/watch?v=rqWt2UB9S-c\" target=\"_blank\" rel=\"noopener noreferrer\">Processo<\/a><\/p>\n<p>Tela do processo e a localiza\u00e7\u00e3o dos seus documentos.<\/td>\n<td width=\"142\"><a href=\"https:\/\/www.youtube.com\/watch?v=bmvWmd4Q5y0\" target=\"_blank\" rel=\"noopener noreferrer\">Criando um processo<\/a><\/p>\n<p>Tutorial de como criar um processo no SEI<\/td>\n<\/tr>\n<tr>\n<td width=\"142\"><a href=\"https:\/\/www.youtube.com\/watch?v=dRMtaJ0FFpY\" target=\"_blank\" rel=\"noopener noreferrer\">Documento<\/a><br \/>\nApresenta a tela de um documento, explicando a funcionalidade dos principais \u00edcones.<\/td>\n<td width=\"142\"><a href=\"https:\/\/www.youtube.com\/watch?v=aSeWj3DhcJw\" target=\"_blank\" rel=\"noopener noreferrer\">Adicionando documentos<\/a><\/p>\n<p>Explica\u00e7\u00f5es da inclus\u00e3o de documentos (internos e externos)<\/td>\n<td width=\"142\"><a href=\"https:\/\/www.youtube.com\/watch?v=Rh_9uQFo3QA\" target=\"_blank\" rel=\"noopener noreferrer\">Documentos Externos<\/a><\/p>\n<p>Outra op\u00e7\u00e3o com explica\u00e7\u00f5es mais simplificadas de como inserir um documento externo a um processo.<\/td>\n<td width=\"142\"><a href=\"https:\/\/www.youtube.com\/watch?v=FzwqcqN_oUQ\" target=\"_blank\" rel=\"noopener noreferrer\">Assinatura de Documentos<\/a><\/p>\n<p>Cont\u00e9m explica\u00e7\u00e3o da diferen\u00e7a entre os documentos gerados pelo SEI e aqueles anexados (externos) e como\/quando assin\u00e1-los.<\/td>\n<\/tr>\n<tr>\n<td width=\"142\"><a href=\"https:\/\/www.youtube.com\/watch?v=T6ucQh3lePg\" target=\"_blank\" rel=\"noopener noreferrer\">Bloco de Assinatura<\/a><\/p>\n<p>Apresenta um passo-a-passo para a cria\u00e7\u00e3o de blocos de assinaturas, assim como a explica\u00e7\u00e3o detalhada de como utiliz\u00e1-los.<\/td>\n<td width=\"142\"><a href=\"https:\/\/www.youtube.com\/watch?v=04tRF9h2LfM\" target=\"_blank\" rel=\"noopener noreferrer\">Acompanhamento especial<\/a><\/p>\n<p>Explica como criar os grupos de acompanhamento, edi\u00e7\u00e3o e utiliza\u00e7\u00e3o.<\/td>\n<td width=\"142\"><a href=\"https:\/\/www.youtube.com\/watch?v=pjgzuUYoEZo\" target=\"_blank\" rel=\"noopener noreferrer\">Acompanhamento especial II<\/a><\/p>\n<p>Outro v\u00eddeo com explica\u00e7\u00f5es sobre acompanhamento especial.<\/p>\n<p>&nbsp;<\/td>\n<td width=\"142\"><a href=\"https:\/\/www.youtube.com\/watch?v=7_yxcqxdqwo\" target=\"_blank\" rel=\"noopener noreferrer\">Bloco Interno<\/a><\/p>\n<p>Cont\u00e9m orienta\u00e7\u00f5es sobre a op\u00e7\u00e3o de criar um bloco de processos, adicionar um processo a um bloco e visualiz\u00e1-lo.<\/td>\n<\/tr>\n<\/tbody>\n<\/table>\n<p>A Prefeitura de S\u00e3o Paulo tem o SEI implantado desde 2015. Confira o <a href=\"https:\/\/www.youtube.com\/watch?v=v5h82510IH8&amp;t=1s\" target=\"_blank\" rel=\"noopener noreferrer\">v\u00eddeo<\/a> produzido pelo \u00f3rg\u00e3o.<\/p>\n<p><\/strong><strong><\/strong><strong><\/strong><\/p>\n","protected":false},"excerpt":{"rendered":"<p>Aqui voc\u00ea encontra tutoriais, v\u00eddeos e dicas. SEI &#8211; UFPR &#8211; Pesquisa de Satisfa\u00e7\u00e3o Clique aqui e acesse o tutorial dispon\u00edvel no site do Software P\u00fablico! Os POPs \u2013 Procedimentos Operacionais Padr\u00e3o explicam passo a passo as opera\u00e7\u00f5es do SEI. V\u00eddeos SEI 3.0 &#8211; V\u00eddeo Tutorial Apresenta as principais novidades da nova vers\u00e3o aqui na [&hellip;]<\/p>\n","protected":false},"author":8,"featured_media":0,"parent":0,"menu_order":0,"comment_status":"closed","ping_status":"closed","template":"","meta":{"footnotes":""},"class_list":["post-423","page","type-page","status-publish","hentry"],"_links":{"self":[{"href":"https:\/\/cgr.ufpr.br\/portal\/wp-json\/wp\/v2\/pages\/423","targetHints":{"allow":["GET"]}}],"collection":[{"href":"https:\/\/cgr.ufpr.br\/portal\/wp-json\/wp\/v2\/pages"}],"about":[{"href":"https:\/\/cgr.ufpr.br\/portal\/wp-json\/wp\/v2\/types\/page"}],"author":[{"embeddable":true,"href":"https:\/\/cgr.ufpr.br\/portal\/wp-json\/wp\/v2\/users\/8"}],"replies":[{"embeddable":true,"href":"https:\/\/cgr.ufpr.br\/portal\/wp-json\/wp\/v2\/comments?post=423"}],"version-history":[{"count":7,"href":"https:\/\/cgr.ufpr.br\/portal\/wp-json\/wp\/v2\/pages\/423\/revisions"}],"predecessor-version":[{"id":1116,"href":"https:\/\/cgr.ufpr.br\/portal\/wp-json\/wp\/v2\/pages\/423\/revisions\/1116"}],"wp:attachment":[{"href":"https:\/\/cgr.ufpr.br\/portal\/wp-json\/wp\/v2\/media?parent=423"}],"curies":[{"name":"wp","href":"https:\/\/api.w.org\/{rel}","templated":true}]}}