{"id":445,"date":"2018-03-22T11:55:41","date_gmt":"2018-03-22T14:55:41","guid":{"rendered":"https:\/\/cgr.ufpr.br\/portal\/?page_id=445"},"modified":"2024-05-09T11:42:21","modified_gmt":"2024-05-09T14:42:21","slug":"cgrc","status":"publish","type":"page","link":"https:\/\/cgr.ufpr.br\/portal\/cgrc\/","title":{"rendered":"CGRC &#8211; Comit\u00ea de Governan\u00e7a, Integridade, Riscos e Controles Internos"},"content":{"rendered":"<p>O Comit\u00ea, presidido pelo Magn\u00edfico Reitor, tendo como membros os pr\u00f3-reitores e um integrante da CGR, foi institu\u00eddo em 07 de dezembro de 2017 para, entre outros,<\/p>\n<blockquote><p>Institucionalizar estruturas adequadas de governan\u00e7a, gest\u00e3o de riscos e controles internos<br \/>\nPromover a integra\u00e7\u00e3o dos agentes respons\u00e1veis<br \/>\nPromover pr\u00e1ticas e princ\u00edpios de conduta e padr\u00f5es de comportamento<\/p><\/blockquote>\n<p><!--\n\n\n<h3>DELIBERA\u00c7\u00d5ES<\/h3>\n\n\n--><\/p>\n<h3>Portaria vigente<\/h3>\n<blockquote><p><a href=\"https:\/\/cgr.ufpr.br\/portal\/wp-content\/uploads\/2021\/06\/Portaria_414-21-UFPR.pdf\">Portaria UFPR n\u00ba 414, de 2 de junho de 2021<\/a><\/p><\/blockquote>\n<h3><\/h3>\n<h3>Portarias anteriores (revogadas)<\/h3>\n<blockquote><p><a href=\"https:\/\/progepe.ufpr.br\/portarias\/rt-2018-00112\/\" target=\"_blank\" rel=\"noopener\">Portaria UFPR n\u00ba 00112\/REITORIA, de 13 de mar\u00e7o de 2018<\/a><\/p>\n<p><a href=\"https:\/\/progepe.ufpr.br\/portarias\/rt-2017-00821\/\" target=\"_blank\" rel=\"noopener\">Portaria UFPR n\u00ba 00821\/REITORIA, de 08 de dezembro de 2017<\/a><\/p>\n<p><a href=\"https:\/\/progepe.ufpr.br\/portarias\/rt-2017-00810\/\" target=\"_blank\" rel=\"noopener\">Portaria UFPR n\u00ba 00810\/REITORIA, de 07 de dezembro de 2017<\/a><\/p><\/blockquote>\n<h3><\/h3>\n<h3>Atas<\/h3>\n<blockquote><p>12\/04\/2024 &#8211; 6\u00aa reuni\u00e3o do CGRC<\/p>\n<p><a href=\"https:\/\/sei.ufpr.br\/sei\/web\/modulos\/pesquisa\/md_pesq_documento_consulta_externa.php?9LibXMqGnN7gSpLFOOgUQFziRouBJ5VnVL5b7-UrE5QUWElzU68u49SSYrWRhP6Q5RmHW7wEoj1_2FIqNe509QKsHtF3CMhyLf_t50Guz_MsWOwDjrEs2FocPNwVSf_Y\">05\/04\/2023<\/a> &#8211; 5\u00aa reuni\u00e3o do CGRC<\/p>\n<p><a href=\"https:\/\/cgr.ufpr.br\/portal\/wp-content\/uploads\/2023\/01\/SEI_5181960_Ata_de_Reuniao.pdf\">20\/12\/2022<\/a>\u00a0&#8211; 4\u00aa reuni\u00e3o do CGRC<\/p>\n<p><a href=\"https:\/\/cgr.ufpr.br\/portal\/wp-content\/uploads\/2022\/12\/AtaReuniao_05maio2021.pdf\">05\/05\/2021<\/a> &#8211; 3\u00aa reuni\u00e3o do CGRC<\/p>\n<p><a title=\"Clique para baixar a Ata (.PDF)\" href=\"https:\/\/cgr.ufpr.br\/portal\/wp-content\/uploads\/2018\/03\/Ata_de_Reuniao-Primeira_reuniao_do_CGRC-UFPR-2018-12-03.pdf\">03\/12\/2018<\/a> &#8211; 1\u00aa reuni\u00e3o do CGRC<\/p><\/blockquote>\n<h3><\/h3>\n<h3>Atos de Aprova\u00e7\u00f5es<\/h3>\n<blockquote><p><a href=\"https:\/\/cgr.ufpr.br\/portal\/wp-content\/uploads\/2023\/01\/SEI_5190339_Ato_103.pdf\">23\/12\/2022<\/a> Aprova\u00e7\u00e3o da atualiza\u00e7\u00e3o da Pol\u00edtica de Governan\u00e7a, Integridade, Riscos e Controles Internos<\/p>\n<p><a href=\"https:\/\/cgr.ufpr.br\/portal\/wp-content\/uploads\/2022\/12\/AtoAprovacao_26out2021.pdf\">26\/10\/2022<\/a> Aprova\u00e7\u00e3o do Plano de Integridade da UFPR 2022\/2023<\/p>\n<p><a title=\"Clique para baixar a Ata (.PDF)\" href=\"https:\/\/cgr.ufpr.br\/portal\/wp-content\/uploads\/2022\/12\/AtoAprovacoes_05maio2021.pdf\">05\/05\/2021<\/a> Aprova\u00e7\u00f5es: fluxo de comunica\u00e7\u00e3o entre as inst\u00e2ncias internas de governan\u00e7a e as inst\u00e2ncias internas de apoio \u00e0 governan\u00e7a; comprometimento dos membros da alta administra\u00e7\u00e3o e conselhos superiores com o programa de integridade da UFPR; riscos \u00e0 integridade; conflito de interesses: declara\u00e7\u00e3o sobre conflito de interesses e fluxos; relacionamento entre agentes das linhas de defesa; manual de gest\u00e3o de processos; manual de riscos; campanha do programa de integridade; e cadeia de valor<\/p>\n<ul>\n<li><a href=\"https:\/\/cgr.ufpr.br\/portal\/wp-content\/uploads\/2024\/04\/UFPR___FluxoDeComunicacao.png\" target=\"_blank\" rel=\"noopener\">fluxo de comunica\u00e7\u00e3o<\/a><\/li>\n<li><a href=\"https:\/\/cgr.ufpr.br\/portal\/wp-content\/uploads\/2024\/04\/LinhasDeDefesa.pdf\" target=\"_blank\" rel=\"noopener\">relacionamento entre as linhas de defesa<\/a><\/li>\n<\/ul>\n<p>12\/04\/2024 Aprova\u00e7\u00f5es: instrumento de pesquisa aplicado aos egressos (gradua\u00e7\u00e3o e stricto sensu); perfil profissional para ocupa\u00e7\u00e3o de fun\u00e7\u00f5es; e \u00edndice de desempenho da alta administra\u00e7\u00e3o (iDAA)<\/p>\n<ul>\n<li><a href=\"https:\/\/cgr.ufpr.br\/portal\/wp-content\/uploads\/2024\/04\/AvaliacaoEgressoDoutorado.pdf\" target=\"_blank\" rel=\"noopener\">pesquisa aplicada aos egressos do stricto sensu<\/a><\/li>\n<li><a href=\"https:\/\/cgr.ufpr.br\/portal\/wp-content\/uploads\/2024\/04\/Perfil_Funcoes.pdf\" target=\"_blank\" rel=\"noopener\">perfil profissional para ocupa\u00e7\u00e3o de fun\u00e7\u00f5es<\/a><\/li>\n<li><a href=\"https:\/\/cgr.ufpr.br\/portal\/wp-content\/uploads\/2024\/04\/Modelo-de-avaliacao-de-desempenho-da-alta-administracao_iDAA_ufpr_2024.pdf\" target=\"_blank\" rel=\"noopener\">iDAA<\/a><\/li>\n<\/ul>\n<\/blockquote>\n<h3><\/h3>\n<h3>Calend\u00e1rio de Reuni\u00f5es<\/h3>\n<blockquote><p><strong>05 de abril, 2023<br \/>\n<\/strong>Pauta: apresenta\u00e7\u00e3o da metodologia de custos<br \/>\nAta: &lt;aguardando assinaturas&gt;<\/p>\n<p><strong>15 de junho, 2023 <\/strong><em>previs\u00e3o<\/em><strong><br \/>\n<\/strong>Pauta prevista: or\u00e7amento destinado \u00e0 gest\u00e3o de riscos, aprova\u00e7\u00e3o do calend\u00e1rio de semin\u00e1rios, an\u00e1lise do relat\u00f3rio de gest\u00e3o da Ouvidoria, aprova\u00e7\u00e3o do Manual de Riscos, acompanhamento dos riscos cr\u00edticos e estrat\u00e9gicos, atualiza\u00e7\u00e3o das recomenda\u00e7\u00f5es do CIG<\/p>\n<p><strong>15 de setembro, 2023<\/strong> <em>previs\u00e3o<\/em><strong><br \/>\n<\/strong>Pauta prevista: aprova\u00e7\u00e3o do Manual de Governan\u00e7a, acompanhamento dos indicadores de governan\u00e7a e gest\u00e3o p\u00fablicas (iGG, ePreven\u00e7\u00e3o, iFC), avalia\u00e7\u00e3o dos riscos altos<\/p>\n<p><strong>15 de dezembro, 2023<\/strong> <em>previs\u00e3o<\/em><strong><br \/>\n<\/strong>Pauta prevista: planejamento para 2024, atualiza\u00e7\u00e3o do quadro de processos e riscos, acompanhamento dos riscos cr\u00edticos e estrat\u00e9gicos<\/p><\/blockquote>\n<h3><\/h3>\n<h3>Recomenda\u00e7\u00f5es do Comit\u00ea Interministerial de Governan\u00e7a (CIG)<\/h3>\n<blockquote><p><strong>Em elabora\u00e7\u00e3o<br \/>\n<\/strong><\/p><\/blockquote>\n<h3>Not\u00edcias<\/h3>\n<blockquote><p><a href=\"https:\/\/cgr.ufpr.br\/portal\/noticia\/cgrc-aprova-politica-de-governanca-riscos-integridade-e-controles-internos-e-plano-de-integridade-da-ufpr\/\">CGRC aprova Pol\u00edtica de Governan\u00e7a, Riscos, Integridade e Controles Internos e Plano de Integridade da UFPR<\/a><\/p><\/blockquote>\n","protected":false},"excerpt":{"rendered":"<p>O Comit\u00ea, presidido pelo Magn\u00edfico Reitor, tendo como membros os pr\u00f3-reitores e um integrante da CGR, foi institu\u00eddo em 07 de dezembro de 2017 para, entre outros, Institucionalizar estruturas adequadas de governan\u00e7a, gest\u00e3o de riscos e controles internos Promover a integra\u00e7\u00e3o dos agentes respons\u00e1veis Promover pr\u00e1ticas e princ\u00edpios de conduta e padr\u00f5es de comportamento Portaria [&hellip;]<\/p>\n","protected":false},"author":8,"featured_media":0,"parent":0,"menu_order":0,"comment_status":"closed","ping_status":"closed","template":"","meta":{"footnotes":""},"class_list":["post-445","page","type-page","status-publish","hentry"],"_links":{"self":[{"href":"https:\/\/cgr.ufpr.br\/portal\/wp-json\/wp\/v2\/pages\/445","targetHints":{"allow":["GET"]}}],"collection":[{"href":"https:\/\/cgr.ufpr.br\/portal\/wp-json\/wp\/v2\/pages"}],"about":[{"href":"https:\/\/cgr.ufpr.br\/portal\/wp-json\/wp\/v2\/types\/page"}],"author":[{"embeddable":true,"href":"https:\/\/cgr.ufpr.br\/portal\/wp-json\/wp\/v2\/users\/8"}],"replies":[{"embeddable":true,"href":"https:\/\/cgr.ufpr.br\/portal\/wp-json\/wp\/v2\/comments?post=445"}],"version-history":[{"count":31,"href":"https:\/\/cgr.ufpr.br\/portal\/wp-json\/wp\/v2\/pages\/445\/revisions"}],"predecessor-version":[{"id":2139,"href":"https:\/\/cgr.ufpr.br\/portal\/wp-json\/wp\/v2\/pages\/445\/revisions\/2139"}],"wp:attachment":[{"href":"https:\/\/cgr.ufpr.br\/portal\/wp-json\/wp\/v2\/media?parent=445"}],"curies":[{"name":"wp","href":"https:\/\/api.w.org\/{rel}","templated":true}]}}