{"id":5,"date":"2017-09-28T16:21:31","date_gmt":"2017-09-28T19:21:31","guid":{"rendered":"https:\/\/cgr.ufpr.br\/portal\/?page_id=5"},"modified":"2017-11-27T12:25:41","modified_gmt":"2017-11-27T14:25:41","slug":"gestao-por-processos","status":"publish","type":"page","link":"https:\/\/cgr.ufpr.br\/portal\/gestao-por-processos\/","title":{"rendered":"Gest\u00e3o por Processos"},"content":{"rendered":"<p>A gest\u00e3o <strong>por<\/strong> processos \u00e9 um paradigma atual e eficiente de gest\u00e3o, aplic\u00e1vel a organiza\u00e7\u00f5es de todos os tipos, tamanhos e \u00e1reas de atua\u00e7\u00e3o, atrav\u00e9s do qual o modelo de gest\u00e3o e de opera\u00e7\u00e3o \u00e9 focado tanto ou mais nos processos de trabalho ligados \u00e0 cadeia de valor do que nas funcionalidades de cada setor que comp\u00f5e a organiza\u00e7\u00e3o.<\/p>\n<p>Na administra\u00e7\u00e3o p\u00fablica, a gest\u00e3o por processos, alinhada \u00e0 governan\u00e7a, conduz estas compet\u00eancias ao adequado atendimento da sociedade por servi\u00e7os prestados com qualidade nos diferentes \u00f3rg\u00e3os.<\/p>\n<h4>Gest\u00e3o de processos<\/h4>\n<p>Uma ferramenta essencial da gest\u00e3o por processos \u00e9 o gerenciamento (ou gest\u00e3o) dos processos organizacionais de trabalho, elaborados de forma a garantir a entrega de valor proposta pela organiza\u00e7\u00e3o.<\/p>\n<p>Atrav\u00e9s da gest\u00e3o <strong>de<\/strong> processos, os gestores conseguem planejar suas atividades e as de seus colaboradores, de forma a otimizar o uso dos recursos dispon\u00edveis, consumir o m\u00ednimo de energia na transforma\u00e7\u00e3o de seus insumos em produtos e servi\u00e7os, e garantir a entrega de valor, conforme determinado em seus planejamentos.<\/p>\n<p>A principal metodologia utilizada pela CGR para que a UFPR e seus gestores disponham, de forma continuada, de ferramentas de planejamento, an\u00e1lise, automa\u00e7\u00e3o, execu\u00e7\u00e3o, controle e melhoria cont\u00ednua de seus <a href=\"https:\/\/cgr.ufpr.br\/portal\/modelos-de-processos\/\">processos de trabalho<\/a> \u00e9 o <em>Business Process Management<\/em> (<a href=\"\/bpm\">BPM<\/a>).<\/p>\n","protected":false},"excerpt":{"rendered":"<p>A gest\u00e3o por processos \u00e9 um paradigma atual e eficiente de gest\u00e3o, aplic\u00e1vel a organiza\u00e7\u00f5es de todos os tipos, tamanhos e \u00e1reas de atua\u00e7\u00e3o, atrav\u00e9s do qual o modelo de gest\u00e3o e de opera\u00e7\u00e3o \u00e9 focado tanto ou mais nos processos de trabalho ligados \u00e0 cadeia de valor do que nas funcionalidades de cada setor [&hellip;]<\/p>\n","protected":false},"author":8,"featured_media":0,"parent":0,"menu_order":0,"comment_status":"closed","ping_status":"closed","template":"","meta":{"footnotes":""},"class_list":["post-5","page","type-page","status-publish","hentry"],"_links":{"self":[{"href":"https:\/\/cgr.ufpr.br\/portal\/wp-json\/wp\/v2\/pages\/5","targetHints":{"allow":["GET"]}}],"collection":[{"href":"https:\/\/cgr.ufpr.br\/portal\/wp-json\/wp\/v2\/pages"}],"about":[{"href":"https:\/\/cgr.ufpr.br\/portal\/wp-json\/wp\/v2\/types\/page"}],"author":[{"embeddable":true,"href":"https:\/\/cgr.ufpr.br\/portal\/wp-json\/wp\/v2\/users\/8"}],"replies":[{"embeddable":true,"href":"https:\/\/cgr.ufpr.br\/portal\/wp-json\/wp\/v2\/comments?post=5"}],"version-history":[{"count":13,"href":"https:\/\/cgr.ufpr.br\/portal\/wp-json\/wp\/v2\/pages\/5\/revisions"}],"predecessor-version":[{"id":307,"href":"https:\/\/cgr.ufpr.br\/portal\/wp-json\/wp\/v2\/pages\/5\/revisions\/307"}],"wp:attachment":[{"href":"https:\/\/cgr.ufpr.br\/portal\/wp-json\/wp\/v2\/media?parent=5"}],"curies":[{"name":"wp","href":"https:\/\/api.w.org\/{rel}","templated":true}]}}