{"id":63,"date":"2017-09-28T16:43:46","date_gmt":"2017-09-28T19:43:46","guid":{"rendered":"https:\/\/cgr.ufpr.br\/portal\/?page_id=63"},"modified":"2017-09-28T16:43:46","modified_gmt":"2017-09-28T19:43:46","slug":"acessibilidade","status":"publish","type":"page","link":"https:\/\/cgr.ufpr.br\/portal\/acessibilidade\/","title":{"rendered":"Acessibilidade"},"content":{"rendered":"<p><strong>Este s\u00edtio &#8220;Coordenadoria de Governan\u00e7a e Riscos da UFPR&#8221; segue o modelo de identidade digital padr\u00e3o do governo federal, que atende \u00e0s principais recomenda\u00e7\u00f5es de acessibilidade indicadas para web<\/strong><\/p>\n<hr \/>\n<p>De acordo com o W3C (World Wide Web Consortium), Acessibilidade na Web significa garantir que todas as pessoas, incluindo pessoas com defici\u00eancia, possam utilizar a Web. Mais especificamente, significa permitir que pessoas com defici\u00eancia consigam perceber, compreender, navegar, interagir e contribuir com a Web. Uma Web acess\u00edvel beneficia a todos, incluindo pessoas idosas, pessoas com pouca habilidade em utilizar a Web, aqueles com uma conex\u00e3o mais lenta, entre outros.<\/p>\n<p>Em nosso site, seguimos as recomenda\u00e7\u00f5es de acessibilidade dos documentos WCAG 2.0 (Web Content Accessibility Guidelines \u2013 internacional) e eMAG 3.1 (Modelo de Acessibilidade em Governo Eletr\u00f4nico \u2013 nacional).<\/p>\n<p>No topo das p\u00e1ginas do site \u00a0\u00e9 disponibilizado a barra de acessibilidade conforme descri\u00e7\u00e3o abaixo:<\/p>\n<p>Atalhos de teclado: permitem ir diretamente a um bloco do site, facilitando a navega\u00e7\u00e3o para quem utiliza o teclado, como pessoas cegas e com certas limita\u00e7\u00f5es f\u00edsicas;<br \/>\nNo\u00a0site disponibilizamos tr\u00eas atalhos de teclado:<\/p>\n<p>Ir para o conte\u00fado (1)<br \/>\nIr para o menu (2)<br \/>\nIr para o rodap\u00e9 (3)<\/p>\n<p>P\u00e1gina de acessibilidade: apresenta informa\u00e7\u00f5es sobre a acessibilidade do site, recursos oferecidos.<\/p>\n<p>Mapa do site: disponibiliza todas as p\u00e1ginas do site de forma hier\u00e1rquica, permitindo que o usu\u00e1rio conhe\u00e7a toda a estrutura do site e acesse diretamente a p\u00e1gina desejada.<\/p>\n<p>Dimensionamento de tela e Contraste<br \/>\n\u00c9 poss\u00edvel ampliar ou reduzir o texto exibido em tela pressionando teclas de atalho conforme descri\u00e7\u00e3o abaixo:<\/p>\n<p>Pressione a tecla Ctrl + \u2018+\u2019 (sinal de mais) para aumentar a fonte do texto;<br \/>\nPressione a tecla Ctrl + \u2018- \u2018 (sinal de menos) para diminuir a fonte do texto;<br \/>\nPressione a tecla Ctrl + \u20180\u2019 (zero) para retornar ao tamanho padr\u00e3o da fonte.<br \/>\nNo Mac OS, substitua a tecla Ctrl pela tecla \u2018Command\u2019.<\/p>\n<p>Cada navegador possui tecla ou teclas espec\u00edficas para ativar os atalhos:<\/p>\n<p>Chrome: Alt + [n\u00famero do atalho] (Windows\/Linux) ou Control + Option + [n\u00famero do atalho] (Mac)<br \/>\nMozilla Firefox: Alt + Shift + [n\u00famero do atalho] (Windows\/Linux) ou Control + Option + [n\u00famero do atalho] (Mac)<br \/>\nInternet Explorer 8+: Alt + [n\u00famero do atalho] (Windows\/Linux) ou Control + [n\u00famero do atalho] (Mac)<br \/>\nSafari 4+: Alt + [n\u00famero do atalho] (Windows\/Linux) ou Control + Option + [n\u00famero do atalho] (Mac)<\/p>\n<p>Alto contraste: passa a apresentar a p\u00e1gina com um contraste otimizado, facilitando a navega\u00e7\u00e3o para quem tem baixa vis\u00e3o. \u00c9 poss\u00edvel alterar o contraste da tela atrav\u00e9s das op\u00e7\u00f5es do menu superior:<\/p>\n<p>Alto Contraste<\/p>\n<hr \/>\n<div class=\"callout secondary\">Ajude-nos a disponibilizar um site cada vez mais acess\u00edvel.<br \/>\nCaso encontre algum problema de acessibilidade, ou tenha sugest\u00e3o de melhoria, entre em contato pelo e-mail: webdesign@ufpr.br<\/div>\n","protected":false},"excerpt":{"rendered":"<p>Este s\u00edtio &#8220;Coordenadoria de Governan\u00e7a e Riscos da UFPR&#8221; segue o modelo de identidade digital padr\u00e3o do governo federal, que atende \u00e0s principais recomenda\u00e7\u00f5es de acessibilidade indicadas para web De acordo com o W3C (World Wide Web Consortium), Acessibilidade na Web significa garantir que todas as pessoas, incluindo pessoas com defici\u00eancia, possam utilizar a Web. [&hellip;]<\/p>\n","protected":false},"author":8,"featured_media":0,"parent":0,"menu_order":0,"comment_status":"closed","ping_status":"closed","template":"","meta":{"footnotes":""},"class_list":["post-63","page","type-page","status-publish","hentry"],"_links":{"self":[{"href":"https:\/\/cgr.ufpr.br\/portal\/wp-json\/wp\/v2\/pages\/63","targetHints":{"allow":["GET"]}}],"collection":[{"href":"https:\/\/cgr.ufpr.br\/portal\/wp-json\/wp\/v2\/pages"}],"about":[{"href":"https:\/\/cgr.ufpr.br\/portal\/wp-json\/wp\/v2\/types\/page"}],"author":[{"embeddable":true,"href":"https:\/\/cgr.ufpr.br\/portal\/wp-json\/wp\/v2\/users\/8"}],"replies":[{"embeddable":true,"href":"https:\/\/cgr.ufpr.br\/portal\/wp-json\/wp\/v2\/comments?post=63"}],"version-history":[{"count":1,"href":"https:\/\/cgr.ufpr.br\/portal\/wp-json\/wp\/v2\/pages\/63\/revisions"}],"predecessor-version":[{"id":64,"href":"https:\/\/cgr.ufpr.br\/portal\/wp-json\/wp\/v2\/pages\/63\/revisions\/64"}],"wp:attachment":[{"href":"https:\/\/cgr.ufpr.br\/portal\/wp-json\/wp\/v2\/media?parent=63"}],"curies":[{"name":"wp","href":"https:\/\/api.w.org\/{rel}","templated":true}]}}