{"id":9,"date":"2017-09-28T16:21:57","date_gmt":"2017-09-28T19:21:57","guid":{"rendered":"https:\/\/cgr.ufpr.br\/portal\/?page_id=9"},"modified":"2018-09-13T09:18:48","modified_gmt":"2018-09-13T12:18:48","slug":"modelos-de-processos","status":"publish","type":"page","link":"https:\/\/cgr.ufpr.br\/portal\/modelos-de-processos\/","title":{"rendered":"Modelos de Processos"},"content":{"rendered":"<p><!-- [wm_website_map id=\"2\"] --><\/p>\n<p>A rela\u00e7\u00e3o abaixo apresenta os processos de trabalho identificados na UFPR, bem como sua documenta\u00e7\u00e3o, quando dispon\u00edvel, segundo sua cadeia de valor e n\u00e3o segue, necessariamente, a estrutura hier\u00e1rquica da Universidade. Esta listagem \u00e9 constantemente complementada e atualizada pela CGR.<\/p>\n<h4>Legenda<\/h4>\n<p><img loading=\"lazy\" decoding=\"async\" class=\"alignnone size-full wp-image-337\" src=\"https:\/\/cgr.ufpr.br\/portal\/wp-content\/uploads\/2017\/09\/mproc_prim.png\" alt=\"\" width=\"236\" height=\"19\" \/> &#8211; entregar valor diretamente \u00e0 sociedade atrav\u00e9s da excel\u00eancia na realiza\u00e7\u00e3o destes processos constitui a vis\u00e3o estrat\u00e9gica da UFPR<\/p>\n<p><img loading=\"lazy\" decoding=\"async\" class=\"alignnone size-full wp-image-338\" src=\"https:\/\/cgr.ufpr.br\/portal\/wp-content\/uploads\/2017\/09\/mproc-ger.png\" alt=\"\" width=\"236\" height=\"19\" \/> &#8211; sob a responsabilidade da administra\u00e7\u00e3o central da UFPR, s\u00e3o os processos de gest\u00e3o dos processos prim\u00e1rios e gerenciais<\/p>\n<p><img loading=\"lazy\" decoding=\"async\" class=\"alignnone size-full wp-image-339\" src=\"https:\/\/cgr.ufpr.br\/portal\/wp-content\/uploads\/2017\/09\/proc_cons.png\" alt=\"\" width=\"236\" height=\"19\" \/> &#8211; processos exclusivos dos \u00f3rg\u00e3os colegiados superiores da UFPR<\/p>\n<p><img loading=\"lazy\" decoding=\"async\" class=\"alignnone size-full wp-image-340\" src=\"https:\/\/cgr.ufpr.br\/portal\/wp-content\/uploads\/2017\/09\/proc_ger_ap.png\" alt=\"\" width=\"236\" height=\"19\" \/> &#8211; as atividades-meio da UFPR<br \/>\n<iframe loading=\"lazy\" style=\"border: none; height: 100vw;\" src=\"http:\/\/docs.ufpr.br\/~amarilio.floriano\/processo\/arvore_de_processos.html\" name=\"arvore_de_processos\" width=\"100%\" height=\"150\" scrolling=\"auto\"><\/iframe><\/p>\n","protected":false},"excerpt":{"rendered":"<p>A rela\u00e7\u00e3o abaixo apresenta os processos de trabalho identificados na UFPR, bem como sua documenta\u00e7\u00e3o, quando dispon\u00edvel, segundo sua cadeia de valor e n\u00e3o segue, necessariamente, a estrutura hier\u00e1rquica da Universidade. Esta listagem \u00e9 constantemente complementada e atualizada pela CGR. Legenda &#8211; entregar valor diretamente \u00e0 sociedade atrav\u00e9s da excel\u00eancia na realiza\u00e7\u00e3o destes processos constitui [&hellip;]<\/p>\n","protected":false},"author":8,"featured_media":0,"parent":0,"menu_order":0,"comment_status":"closed","ping_status":"closed","template":"","meta":{"footnotes":""},"class_list":["post-9","page","type-page","status-publish","hentry"],"_links":{"self":[{"href":"https:\/\/cgr.ufpr.br\/portal\/wp-json\/wp\/v2\/pages\/9","targetHints":{"allow":["GET"]}}],"collection":[{"href":"https:\/\/cgr.ufpr.br\/portal\/wp-json\/wp\/v2\/pages"}],"about":[{"href":"https:\/\/cgr.ufpr.br\/portal\/wp-json\/wp\/v2\/types\/page"}],"author":[{"embeddable":true,"href":"https:\/\/cgr.ufpr.br\/portal\/wp-json\/wp\/v2\/users\/8"}],"replies":[{"embeddable":true,"href":"https:\/\/cgr.ufpr.br\/portal\/wp-json\/wp\/v2\/comments?post=9"}],"version-history":[{"count":39,"href":"https:\/\/cgr.ufpr.br\/portal\/wp-json\/wp\/v2\/pages\/9\/revisions"}],"predecessor-version":[{"id":731,"href":"https:\/\/cgr.ufpr.br\/portal\/wp-json\/wp\/v2\/pages\/9\/revisions\/731"}],"wp:attachment":[{"href":"https:\/\/cgr.ufpr.br\/portal\/wp-json\/wp\/v2\/media?parent=9"}],"curies":[{"name":"wp","href":"https:\/\/api.w.org\/{rel}","templated":true}]}}